{"id":6200,"date":"2025-07-10T09:40:32","date_gmt":"2025-07-10T07:40:32","guid":{"rendered":"https:\/\/pro-mask.com\/products\/uncategorized\/vg-extension-hooks\/"},"modified":"2025-09-29T19:52:42","modified_gmt":"2025-09-29T17:52:42","slug":"vg-extension-hooks","status":"publish","type":"product","link":"https:\/\/pro-mask.com\/en\/products\/hooks-en\/pipe-hooks\/vg-extension-hooks\/","title":{"rendered":"\"VG\" EXTENSION HOOKS"},"content":{"rendered":"<style type=\"text\/css\">\n.tableizer-table {font-family: Arial, Helvetica, sans-serif; font-size: 11px;}\n.tableizer-table td {padding: 3px 25px 3px 25px; border: 1px solid #fff; background-color: #ddd; color: #000; text-align: center;}\n.tableizer-table th {text-align:center;padding: 3px 25px 3px 25px; border: 1px solid #fff; background-color: #ebbc06; color: #fff; font-weight: bold;}\ntd:first-child {text-align: left; background-color: #ccc7c2; font-weight: bold;}\nth:first-child {text-align: left;}\n<\/style>\n<\/p>\n<p><\/p>\n<table class=\"tableizer-table\">\n<thead>\n<tr class=\"tableizer-firstrow\">\n<th>PRODUCT No.<\/th>\n<th>A (mm)<\/th>\n<th>B (mm)<\/th>\n<th>C (mm)<\/th>\n<th>D (mm)<\/th>\n<th>Pipe diameter (mm)<\/th>\n<tr><\/thead>\n<tbody>\n<tr>\n<td>DP-TH- VG-150x2-20<\/td>\n<td>150<\/td>\n<td>2<\/td>\n<td>118<\/td>\n<td>21<\/td>\n<td>20<\/td>\n<tr>\n<tr>\n<td>DP-TH- VG-150x2,5-25<\/td>\n<td>150<\/td>\n<td>2,5<\/td>\n<td>106<\/td>\n<td>26<\/td>\n<td>25<\/td>\n<tr>\n<tr>\n<td>DP-TH- VG-200x3-30<\/td>\n<td>200<\/td>\n<td>3<\/td>\n<td>152<\/td>\n<td>32<\/td>\n<td>30<\/td>\n<tr>\n<tr>\n<td>DP-TH- VG-200x3-35<\/td>\n<td>200<\/td>\n<td>3<\/td>\n<td>150<\/td>\n<td>37<\/td>\n<td>35<\/td>\n<tr>\n<tr>\n<td>DP-TH- VG-200x3-40<\/td>\n<td>200<\/td>\n<td>3<\/td>\n<td>134<\/td>\n<td>44<\/td>\n<td>40<\/td>\n<tr>\n<tr>\n<td>DP-TH- VG-200x3-45<\/td>\n<td>200<\/td>\n<td>3<\/td>\n<td>130<\/td>\n<td>50<\/td>\n<td>45<\/td>\n<tr>\n<tr>\n<td>DP-TH- VG-250x3-50<\/td>\n<td>250<\/td>\n<td>3<\/td>\n<td>179<\/td>\n<td>53<\/td>\n<td>50<\/td>\n<tr>\n<tr>\n<td>DP-TH- VG-250x3-55<\/td>\n<td>250<\/td>\n<td>3<\/td>\n<td>167<\/td>\n<td>60<\/td>\n<td>55<\/td>\n<tr>\n<tr>\n<td>DP-TH- VG-250x3-60<\/td>\n<td>250<\/td>\n<td>3<\/td>\n<td>162<\/td>\n<td>71<\/td>\n<td>60<\/td>\n<tr>\n<\/tbody>\n<\/table>\n","protected":false},"excerpt":{"rendered":"<p>\u2022For vertical clamping of pipes and profiles<br \/>\n\u2022Shape eliminating imprint on the pipe\/profile neck<br \/>\n\u2022Possibility of piece purchase<br \/>\n\u2022We will send a free sample to verify the load capacity<\/p>\n","protected":false},"featured_media":5983,"comment_status":"open","ping_status":"closed","template":"","meta":{"footnotes":""},"product_brand":[],"product_cat":[217],"product_tag":[],"class_list":{"0":"post-6200","1":"product","2":"type-product","3":"status-publish","4":"has-post-thumbnail","6":"product_cat-pipe-hooks","8":"first","9":"instock","10":"shipping-taxable","11":"product-type-simple"},"yoast_head":"<!-- This site is optimized with the Yoast SEO plugin v27.4 - https:\/\/yoast.com\/product\/yoast-seo-wordpress\/ -->\n<title>&quot;VG&quot; EXTENSION HOOKS - PRO MASK PRODUCTS s.r.o.<\/title>\n<meta name=\"description\" content=\"Suspension hooks for paint shops. Production of suspension hooks and suspension technology. Use in the field of surface treatments, powder and wet paint shops.\" \/>\n<meta name=\"robots\" content=\"index, follow, max-snippet:-1, max-image-preview:large, max-video-preview:-1\" \/>\n<link rel=\"canonical\" href=\"https:\/\/pro-mask.com\/en\/products\/hooks-en\/pipe-hooks\/vg-extension-hooks\/\" \/>\n<meta property=\"og:locale\" content=\"en_US\" \/>\n<meta property=\"og:type\" content=\"article\" \/>\n<meta property=\"og:title\" content=\"&quot;VG&quot; EXTENSION HOOKS - PRO MASK PRODUCTS s.r.o.\" \/>\n<meta property=\"og:description\" content=\"Suspension hooks for paint shops. Production of suspension hooks and suspension technology. Use in the field of surface treatments, powder and wet paint shops.\" \/>\n<meta property=\"og:url\" content=\"https:\/\/pro-mask.com\/en\/products\/hooks-en\/pipe-hooks\/vg-extension-hooks\/\" \/>\n<meta property=\"og:site_name\" content=\"PRO MASK PRODUCTS s.r.o.\" \/>\n<meta property=\"article:modified_time\" content=\"2025-09-29T17:52:42+00:00\" \/>\n<meta property=\"og:image\" content=\"https:\/\/pro-mask.com\/wp-content\/uploads\/2025\/07\/dp-th-vg.jpg\" \/>\n\t<meta property=\"og:image:width\" content=\"600\" \/>\n\t<meta property=\"og:image:height\" content=\"600\" \/>\n\t<meta property=\"og:image:type\" content=\"image\/jpeg\" \/>\n<meta name=\"twitter:card\" content=\"summary_large_image\" \/>\n<script type=\"application\/ld+json\" class=\"yoast-schema-graph\">{\"@context\":\"https:\\\/\\\/schema.org\",\"@graph\":[{\"@type\":[\"WebPage\",\"ItemPage\"],\"@id\":\"https:\\\/\\\/pro-mask.com\\\/en\\\/products\\\/hooks-en\\\/pipe-hooks\\\/vg-extension-hooks\\\/\",\"url\":\"https:\\\/\\\/pro-mask.com\\\/en\\\/products\\\/hooks-en\\\/pipe-hooks\\\/vg-extension-hooks\\\/\",\"name\":\"\\\"VG\\\" EXTENSION HOOKS - PRO MASK PRODUCTS s.r.o.\",\"isPartOf\":{\"@id\":\"https:\\\/\\\/pro-mask.com\\\/en\\\/#website\"},\"primaryImageOfPage\":{\"@id\":\"https:\\\/\\\/pro-mask.com\\\/en\\\/products\\\/hooks-en\\\/pipe-hooks\\\/vg-extension-hooks\\\/#primaryimage\"},\"image\":{\"@id\":\"https:\\\/\\\/pro-mask.com\\\/en\\\/products\\\/hooks-en\\\/pipe-hooks\\\/vg-extension-hooks\\\/#primaryimage\"},\"thumbnailUrl\":\"https:\\\/\\\/pro-mask.com\\\/wp-content\\\/uploads\\\/2025\\\/07\\\/dp-th-vg.jpg\",\"datePublished\":\"2025-07-10T07:40:32+00:00\",\"dateModified\":\"2025-09-29T17:52:42+00:00\",\"description\":\"Suspension hooks for paint shops. Production of suspension hooks and suspension technology. Use in the field of surface treatments, powder and wet paint shops.\",\"breadcrumb\":{\"@id\":\"https:\\\/\\\/pro-mask.com\\\/en\\\/products\\\/hooks-en\\\/pipe-hooks\\\/vg-extension-hooks\\\/#breadcrumb\"},\"inLanguage\":\"en-US\",\"potentialAction\":[{\"@type\":\"ReadAction\",\"target\":[\"https:\\\/\\\/pro-mask.com\\\/en\\\/products\\\/hooks-en\\\/pipe-hooks\\\/vg-extension-hooks\\\/\"]}]},{\"@type\":\"ImageObject\",\"inLanguage\":\"en-US\",\"@id\":\"https:\\\/\\\/pro-mask.com\\\/en\\\/products\\\/hooks-en\\\/pipe-hooks\\\/vg-extension-hooks\\\/#primaryimage\",\"url\":\"https:\\\/\\\/pro-mask.com\\\/wp-content\\\/uploads\\\/2025\\\/07\\\/dp-th-vg.jpg\",\"contentUrl\":\"https:\\\/\\\/pro-mask.com\\\/wp-content\\\/uploads\\\/2025\\\/07\\\/dp-th-vg.jpg\",\"width\":600,\"height\":600},{\"@type\":\"BreadcrumbList\",\"@id\":\"https:\\\/\\\/pro-mask.com\\\/en\\\/products\\\/hooks-en\\\/pipe-hooks\\\/vg-extension-hooks\\\/#breadcrumb\",\"itemListElement\":[{\"@type\":\"ListItem\",\"position\":1,\"name\":\"Home\",\"item\":\"https:\\\/\\\/pro-mask.com\\\/en\\\/\"},{\"@type\":\"ListItem\",\"position\":2,\"name\":\"Shop\",\"item\":\"https:\\\/\\\/pro-mask.com\\\/en\\\/shop\\\/\"},{\"@type\":\"ListItem\",\"position\":3,\"name\":\"HOOKS\",\"item\":\"https:\\\/\\\/pro-mask.com\\\/en\\\/product-category\\\/hooks-en\\\/\"},{\"@type\":\"ListItem\",\"position\":4,\"name\":\"pipe and profile hooks\",\"item\":\"https:\\\/\\\/pro-mask.com\\\/en\\\/product-category\\\/hooks-en\\\/pipe-hooks\\\/\"},{\"@type\":\"ListItem\",\"position\":5,\"name\":\"\\\"VG\\\" EXTENSION HOOKS\"}]},{\"@type\":\"WebSite\",\"@id\":\"https:\\\/\\\/pro-mask.com\\\/en\\\/#website\",\"url\":\"https:\\\/\\\/pro-mask.com\\\/en\\\/\",\"name\":\"PRO MASK PRODUCTS s.r.o.\",\"description\":\"Maskovac\u00ed materi\u00e1l a z\u00e1vesn\u00e9 h\u00e1ky pro pr\u016fmysl povrchov\u00fdch \u00faprav.\",\"publisher\":{\"@id\":\"https:\\\/\\\/pro-mask.com\\\/en\\\/#organization\"},\"potentialAction\":[{\"@type\":\"SearchAction\",\"target\":{\"@type\":\"EntryPoint\",\"urlTemplate\":\"https:\\\/\\\/pro-mask.com\\\/en\\\/?s={search_term_string}\"},\"query-input\":{\"@type\":\"PropertyValueSpecification\",\"valueRequired\":true,\"valueName\":\"search_term_string\"}}],\"inLanguage\":\"en-US\"},{\"@type\":\"Organization\",\"@id\":\"https:\\\/\\\/pro-mask.com\\\/en\\\/#organization\",\"name\":\"Pro Mask Products s.r.o.\",\"url\":\"https:\\\/\\\/pro-mask.com\\\/en\\\/\",\"logo\":{\"@type\":\"ImageObject\",\"inLanguage\":\"en-US\",\"@id\":\"https:\\\/\\\/pro-mask.com\\\/en\\\/#\\\/schema\\\/logo\\\/image\\\/\",\"url\":\"https:\\\/\\\/pro-mask.com\\\/wp-content\\\/uploads\\\/2021\\\/12\\\/header-banner.jpg\",\"contentUrl\":\"https:\\\/\\\/pro-mask.com\\\/wp-content\\\/uploads\\\/2021\\\/12\\\/header-banner.jpg\",\"width\":1650,\"height\":947,\"caption\":\"Pro Mask Products s.r.o.\"},\"image\":{\"@id\":\"https:\\\/\\\/pro-mask.com\\\/en\\\/#\\\/schema\\\/logo\\\/image\\\/\"}}]}<\/script>\n<!-- \/ Yoast SEO plugin. -->","yoast_head_json":{"title":"\"VG\" EXTENSION HOOKS - PRO MASK PRODUCTS s.r.o.","description":"Suspension hooks for paint shops. Production of suspension hooks and suspension technology. Use in the field of surface treatments, powder and wet paint shops.","robots":{"index":"index","follow":"follow","max-snippet":"max-snippet:-1","max-image-preview":"max-image-preview:large","max-video-preview":"max-video-preview:-1"},"canonical":"https:\/\/pro-mask.com\/en\/products\/hooks-en\/pipe-hooks\/vg-extension-hooks\/","og_locale":"en_US","og_type":"article","og_title":"\"VG\" EXTENSION HOOKS - PRO MASK PRODUCTS s.r.o.","og_description":"Suspension hooks for paint shops. Production of suspension hooks and suspension technology. Use in the field of surface treatments, powder and wet paint shops.","og_url":"https:\/\/pro-mask.com\/en\/products\/hooks-en\/pipe-hooks\/vg-extension-hooks\/","og_site_name":"PRO MASK PRODUCTS s.r.o.","article_modified_time":"2025-09-29T17:52:42+00:00","og_image":[{"width":600,"height":600,"url":"https:\/\/pro-mask.com\/wp-content\/uploads\/2025\/07\/dp-th-vg.jpg","type":"image\/jpeg"}],"twitter_card":"summary_large_image","schema":{"@context":"https:\/\/schema.org","@graph":[{"@type":["WebPage","ItemPage"],"@id":"https:\/\/pro-mask.com\/en\/products\/hooks-en\/pipe-hooks\/vg-extension-hooks\/","url":"https:\/\/pro-mask.com\/en\/products\/hooks-en\/pipe-hooks\/vg-extension-hooks\/","name":"\"VG\" EXTENSION HOOKS - PRO MASK PRODUCTS s.r.o.","isPartOf":{"@id":"https:\/\/pro-mask.com\/en\/#website"},"primaryImageOfPage":{"@id":"https:\/\/pro-mask.com\/en\/products\/hooks-en\/pipe-hooks\/vg-extension-hooks\/#primaryimage"},"image":{"@id":"https:\/\/pro-mask.com\/en\/products\/hooks-en\/pipe-hooks\/vg-extension-hooks\/#primaryimage"},"thumbnailUrl":"https:\/\/pro-mask.com\/wp-content\/uploads\/2025\/07\/dp-th-vg.jpg","datePublished":"2025-07-10T07:40:32+00:00","dateModified":"2025-09-29T17:52:42+00:00","description":"Suspension hooks for paint shops. Production of suspension hooks and suspension technology. Use in the field of surface treatments, powder and wet paint shops.","breadcrumb":{"@id":"https:\/\/pro-mask.com\/en\/products\/hooks-en\/pipe-hooks\/vg-extension-hooks\/#breadcrumb"},"inLanguage":"en-US","potentialAction":[{"@type":"ReadAction","target":["https:\/\/pro-mask.com\/en\/products\/hooks-en\/pipe-hooks\/vg-extension-hooks\/"]}]},{"@type":"ImageObject","inLanguage":"en-US","@id":"https:\/\/pro-mask.com\/en\/products\/hooks-en\/pipe-hooks\/vg-extension-hooks\/#primaryimage","url":"https:\/\/pro-mask.com\/wp-content\/uploads\/2025\/07\/dp-th-vg.jpg","contentUrl":"https:\/\/pro-mask.com\/wp-content\/uploads\/2025\/07\/dp-th-vg.jpg","width":600,"height":600},{"@type":"BreadcrumbList","@id":"https:\/\/pro-mask.com\/en\/products\/hooks-en\/pipe-hooks\/vg-extension-hooks\/#breadcrumb","itemListElement":[{"@type":"ListItem","position":1,"name":"Home","item":"https:\/\/pro-mask.com\/en\/"},{"@type":"ListItem","position":2,"name":"Shop","item":"https:\/\/pro-mask.com\/en\/shop\/"},{"@type":"ListItem","position":3,"name":"HOOKS","item":"https:\/\/pro-mask.com\/en\/product-category\/hooks-en\/"},{"@type":"ListItem","position":4,"name":"pipe and profile hooks","item":"https:\/\/pro-mask.com\/en\/product-category\/hooks-en\/pipe-hooks\/"},{"@type":"ListItem","position":5,"name":"\"VG\" EXTENSION HOOKS"}]},{"@type":"WebSite","@id":"https:\/\/pro-mask.com\/en\/#website","url":"https:\/\/pro-mask.com\/en\/","name":"PRO MASK PRODUCTS s.r.o.","description":"Maskovac\u00ed materi\u00e1l a z\u00e1vesn\u00e9 h\u00e1ky pro pr\u016fmysl povrchov\u00fdch \u00faprav.","publisher":{"@id":"https:\/\/pro-mask.com\/en\/#organization"},"potentialAction":[{"@type":"SearchAction","target":{"@type":"EntryPoint","urlTemplate":"https:\/\/pro-mask.com\/en\/?s={search_term_string}"},"query-input":{"@type":"PropertyValueSpecification","valueRequired":true,"valueName":"search_term_string"}}],"inLanguage":"en-US"},{"@type":"Organization","@id":"https:\/\/pro-mask.com\/en\/#organization","name":"Pro Mask Products s.r.o.","url":"https:\/\/pro-mask.com\/en\/","logo":{"@type":"ImageObject","inLanguage":"en-US","@id":"https:\/\/pro-mask.com\/en\/#\/schema\/logo\/image\/","url":"https:\/\/pro-mask.com\/wp-content\/uploads\/2021\/12\/header-banner.jpg","contentUrl":"https:\/\/pro-mask.com\/wp-content\/uploads\/2021\/12\/header-banner.jpg","width":1650,"height":947,"caption":"Pro Mask Products s.r.o."},"image":{"@id":"https:\/\/pro-mask.com\/en\/#\/schema\/logo\/image\/"}}]}},"_links":{"self":[{"href":"https:\/\/pro-mask.com\/en\/wp-json\/wp\/v2\/product\/6200","targetHints":{"allow":["GET"]}}],"collection":[{"href":"https:\/\/pro-mask.com\/en\/wp-json\/wp\/v2\/product"}],"about":[{"href":"https:\/\/pro-mask.com\/en\/wp-json\/wp\/v2\/types\/product"}],"replies":[{"embeddable":true,"href":"https:\/\/pro-mask.com\/en\/wp-json\/wp\/v2\/comments?post=6200"}],"version-history":[{"count":1,"href":"https:\/\/pro-mask.com\/en\/wp-json\/wp\/v2\/product\/6200\/revisions"}],"predecessor-version":[{"id":6201,"href":"https:\/\/pro-mask.com\/en\/wp-json\/wp\/v2\/product\/6200\/revisions\/6201"}],"wp:featuredmedia":[{"embeddable":true,"href":"https:\/\/pro-mask.com\/en\/wp-json\/wp\/v2\/media\/5983"}],"wp:attachment":[{"href":"https:\/\/pro-mask.com\/en\/wp-json\/wp\/v2\/media?parent=6200"}],"wp:term":[{"taxonomy":"product_brand","embeddable":true,"href":"https:\/\/pro-mask.com\/en\/wp-json\/wp\/v2\/product_brand?post=6200"},{"taxonomy":"product_cat","embeddable":true,"href":"https:\/\/pro-mask.com\/en\/wp-json\/wp\/v2\/product_cat?post=6200"},{"taxonomy":"product_tag","embeddable":true,"href":"https:\/\/pro-mask.com\/en\/wp-json\/wp\/v2\/product_tag?post=6200"}],"curies":[{"name":"wp","href":"https:\/\/api.w.org\/{rel}","templated":true}]}}