{"id":5310,"date":"2022-12-14T13:29:41","date_gmt":"2022-12-14T12:29:41","guid":{"rendered":"https:\/\/pro-mask.com\/?post_type=product&#038;p=5310"},"modified":"2023-06-09T10:07:18","modified_gmt":"2023-06-09T08:07:18","slug":"tape-dispenser-zcm1000","status":"publish","type":"product","link":"https:\/\/pro-mask.com\/en\/products\/accessories\/tape-dispenser-zcm1000\/","title":{"rendered":"AUTOMATIC TAPE DISPENSER (ZCM1000)"},"content":{"rendered":"<style type=\"text\/css\">\n.tableizer-table {font-family: Arial, Helvetica, sans-serif; font-size: 11px;}\n.tableizer-table td {padding: 3px 25px 3px 25px; border: 1px solid #fff; background-color: #ddd; color: #000; text-align: center;}\n.tableizer-table th {text-align:center;padding: 3px 25px 3px 25px; border: 1px solid #fff; background-color: #ebbc06; color: #fff; font-weight: bold;}\ntd:first-child {text-align: left; background-color: #ccc7c2; font-weight: bold;}\nth:first-child {text-align: left;}\n<\/style>\n<table class=\"tableizer-table\">\n<thead>\n<tr class=\"tableizer-firstrow\">\n<th>PART NO.<\/th>\n<th>TAPE WIDTH (mm)<\/th>\n<th>LENGTH PER ROLL (mm)<\/th>\n<th>MAX. OUTER DIAMETER OF THE ROLL (mm)<\/th>\n<th>CORE DIAMETER (mm)<\/th>\n<th>ACCURACY OF THE CUT* (mm)<\/th>\n<th>FEED RATE (mm\/s)<\/th>\n<\/tr>\n<\/thead>\n<tbody>\n<tr>\n<td>ZCM1000<\/td>\n<td>7-50<\/td>\n<td>20-999<\/td>\n<td>178<\/td>\n<td>25; 35; 76<\/td>\n<td>\u00b11 *<\/td>\n<td>145 *<\/td>\n<\/tr>\n<\/tbody>\n<\/table>\n<p><em style=\"float:right;margin-right:14px;\">* depending on the material<\/em><\/p>\n","protected":false},"excerpt":{"rendered":"<p>\u2022 Ideal for medium to high production<br \/>\n\u2022 Program a specific length and automatic feed and cut of the tape<br \/>\n\u2022 Feed and cut is done photoelectrically or via push button<br \/>\n\u2022 Steel housing<\/p>\n","protected":false},"featured_media":5672,"comment_status":"closed","ping_status":"closed","template":"","meta":{"footnotes":""},"product_brand":[],"product_cat":[187],"product_tag":[],"class_list":{"0":"post-5310","1":"product","2":"type-product","3":"status-publish","4":"has-post-thumbnail","6":"product_cat-accessories","8":"first","9":"instock","10":"product-type-simple"},"yoast_head":"<!-- This site is optimized with the Yoast SEO plugin v27.4 - https:\/\/yoast.com\/product\/yoast-seo-wordpress\/ -->\n<title>AUTOMATIC TAPE DISPENSER (ZCM1000) - PRO MASK PRODUCTS s.r.o.<\/title>\n<meta name=\"description\" content=\"Electric machine for automatic tape unwinding and cutting.\" \/>\n<meta name=\"robots\" content=\"index, follow, max-snippet:-1, max-image-preview:large, max-video-preview:-1\" \/>\n<link rel=\"canonical\" href=\"https:\/\/pro-mask.com\/en\/products\/accessories\/tape-dispenser-zcm1000\/\" \/>\n<meta property=\"og:locale\" content=\"en_US\" \/>\n<meta property=\"og:type\" content=\"article\" \/>\n<meta property=\"og:title\" content=\"AUTOMATIC TAPE DISPENSER (ZCM1000) - PRO MASK PRODUCTS s.r.o.\" \/>\n<meta property=\"og:description\" content=\"\u2022 Constructed of durable vinyl\u2022 When hand appling film or premask, it is the perfect solution for smooth substrates\u2022 Gold applicator is nylon reinforced to keep its edge longer than bluePRO MASK PRODUCTS s.r.o. - Maskovac\u00ed krytky, z\u00e1tky, p\u00e1sky, z\u00e1v\u011bsov\u00e1 technika - uhlazovac\u00ed st\u011brka P\u0159\u00edm\u00fd dovozce a zpracovatel maskovac\u00edch prost\u0159edk\u016f pro povrchov\u00e9 \u00fapravy.\" \/>\n<meta property=\"og:url\" content=\"https:\/\/pro-mask.com\/en\/products\/accessories\/tape-dispenser-zcm1000\/\" \/>\n<meta property=\"og:site_name\" content=\"PRO MASK PRODUCTS s.r.o.\" \/>\n<meta property=\"article:modified_time\" content=\"2023-06-09T08:07:18+00:00\" \/>\n<meta property=\"og:image\" content=\"https:\/\/pro-mask.com\/wp-content\/uploads\/2023\/05\/STROJEK-NA-REZANI-MASKOVACI-PASKY_ZCM1000_1.jpg\" \/>\n\t<meta property=\"og:image:width\" content=\"550\" \/>\n\t<meta property=\"og:image:height\" content=\"550\" \/>\n\t<meta property=\"og:image:type\" content=\"image\/jpeg\" \/>\n<meta name=\"twitter:card\" content=\"summary_large_image\" \/>\n<meta name=\"twitter:description\" content=\"\u2022 Constructed of durable vinyl\u2022 When hand appling film or premask, it is the perfect solution for smooth substrates\u2022 Gold applicator is nylon reinforced to keep its edge longer than bluePRO MASK PRODUCTS s.r.o. - Maskovac\u00ed krytky, z\u00e1tky, p\u00e1sky, z\u00e1v\u011bsov\u00e1 technika - uhlazovac\u00ed st\u011brka P\u0159\u00edm\u00fd dovozce a zpracovatel maskovac\u00edch prost\u0159edk\u016f pro povrchov\u00e9 \u00fapravy.\" \/>\n<meta name=\"twitter:label1\" content=\"Est. reading time\" \/>\n\t<meta name=\"twitter:data1\" content=\"1 minute\" \/>\n<script type=\"application\/ld+json\" class=\"yoast-schema-graph\">{\"@context\":\"https:\\\/\\\/schema.org\",\"@graph\":[{\"@type\":[\"WebPage\",\"ItemPage\"],\"@id\":\"https:\\\/\\\/pro-mask.com\\\/en\\\/products\\\/accessories\\\/tape-dispenser-zcm1000\\\/\",\"url\":\"https:\\\/\\\/pro-mask.com\\\/en\\\/products\\\/accessories\\\/tape-dispenser-zcm1000\\\/\",\"name\":\"AUTOMATIC TAPE DISPENSER (ZCM1000) - PRO MASK PRODUCTS s.r.o.\",\"isPartOf\":{\"@id\":\"https:\\\/\\\/pro-mask.com\\\/en\\\/#website\"},\"primaryImageOfPage\":{\"@id\":\"https:\\\/\\\/pro-mask.com\\\/en\\\/products\\\/accessories\\\/tape-dispenser-zcm1000\\\/#primaryimage\"},\"image\":{\"@id\":\"https:\\\/\\\/pro-mask.com\\\/en\\\/products\\\/accessories\\\/tape-dispenser-zcm1000\\\/#primaryimage\"},\"thumbnailUrl\":\"https:\\\/\\\/pro-mask.com\\\/wp-content\\\/uploads\\\/2023\\\/05\\\/STROJEK-NA-REZANI-MASKOVACI-PASKY_ZCM1000_1.jpg\",\"datePublished\":\"2022-12-14T12:29:41+00:00\",\"dateModified\":\"2023-06-09T08:07:18+00:00\",\"description\":\"Electric machine for automatic tape unwinding and cutting.\",\"breadcrumb\":{\"@id\":\"https:\\\/\\\/pro-mask.com\\\/en\\\/products\\\/accessories\\\/tape-dispenser-zcm1000\\\/#breadcrumb\"},\"inLanguage\":\"en-US\",\"potentialAction\":[{\"@type\":\"ReadAction\",\"target\":[\"https:\\\/\\\/pro-mask.com\\\/en\\\/products\\\/accessories\\\/tape-dispenser-zcm1000\\\/\"]}]},{\"@type\":\"ImageObject\",\"inLanguage\":\"en-US\",\"@id\":\"https:\\\/\\\/pro-mask.com\\\/en\\\/products\\\/accessories\\\/tape-dispenser-zcm1000\\\/#primaryimage\",\"url\":\"https:\\\/\\\/pro-mask.com\\\/wp-content\\\/uploads\\\/2023\\\/05\\\/STROJEK-NA-REZANI-MASKOVACI-PASKY_ZCM1000_1.jpg\",\"contentUrl\":\"https:\\\/\\\/pro-mask.com\\\/wp-content\\\/uploads\\\/2023\\\/05\\\/STROJEK-NA-REZANI-MASKOVACI-PASKY_ZCM1000_1.jpg\",\"width\":550,\"height\":550},{\"@type\":\"BreadcrumbList\",\"@id\":\"https:\\\/\\\/pro-mask.com\\\/en\\\/products\\\/accessories\\\/tape-dispenser-zcm1000\\\/#breadcrumb\",\"itemListElement\":[{\"@type\":\"ListItem\",\"position\":1,\"name\":\"Home\",\"item\":\"https:\\\/\\\/pro-mask.com\\\/en\\\/\"},{\"@type\":\"ListItem\",\"position\":2,\"name\":\"Shop\",\"item\":\"https:\\\/\\\/pro-mask.com\\\/en\\\/shop\\\/\"},{\"@type\":\"ListItem\",\"position\":3,\"name\":\"ACCESSORIES\",\"item\":\"https:\\\/\\\/pro-mask.com\\\/en\\\/product-category\\\/accessories\\\/\"},{\"@type\":\"ListItem\",\"position\":4,\"name\":\"AUTOMATIC TAPE DISPENSER (ZCM1000)\"}]},{\"@type\":\"WebSite\",\"@id\":\"https:\\\/\\\/pro-mask.com\\\/en\\\/#website\",\"url\":\"https:\\\/\\\/pro-mask.com\\\/en\\\/\",\"name\":\"PRO MASK PRODUCTS s.r.o.\",\"description\":\"Maskovac\u00ed materi\u00e1l a z\u00e1vesn\u00e9 h\u00e1ky pro pr\u016fmysl povrchov\u00fdch \u00faprav.\",\"publisher\":{\"@id\":\"https:\\\/\\\/pro-mask.com\\\/en\\\/#organization\"},\"potentialAction\":[{\"@type\":\"SearchAction\",\"target\":{\"@type\":\"EntryPoint\",\"urlTemplate\":\"https:\\\/\\\/pro-mask.com\\\/en\\\/?s={search_term_string}\"},\"query-input\":{\"@type\":\"PropertyValueSpecification\",\"valueRequired\":true,\"valueName\":\"search_term_string\"}}],\"inLanguage\":\"en-US\"},{\"@type\":\"Organization\",\"@id\":\"https:\\\/\\\/pro-mask.com\\\/en\\\/#organization\",\"name\":\"Pro Mask Products s.r.o.\",\"url\":\"https:\\\/\\\/pro-mask.com\\\/en\\\/\",\"logo\":{\"@type\":\"ImageObject\",\"inLanguage\":\"en-US\",\"@id\":\"https:\\\/\\\/pro-mask.com\\\/en\\\/#\\\/schema\\\/logo\\\/image\\\/\",\"url\":\"https:\\\/\\\/pro-mask.com\\\/wp-content\\\/uploads\\\/2021\\\/12\\\/header-banner.jpg\",\"contentUrl\":\"https:\\\/\\\/pro-mask.com\\\/wp-content\\\/uploads\\\/2021\\\/12\\\/header-banner.jpg\",\"width\":1650,\"height\":947,\"caption\":\"Pro Mask Products s.r.o.\"},\"image\":{\"@id\":\"https:\\\/\\\/pro-mask.com\\\/en\\\/#\\\/schema\\\/logo\\\/image\\\/\"}}]}<\/script>\n<!-- \/ Yoast SEO plugin. -->","yoast_head_json":{"title":"AUTOMATIC TAPE DISPENSER (ZCM1000) - PRO MASK PRODUCTS s.r.o.","description":"Electric machine for automatic tape unwinding and cutting.","robots":{"index":"index","follow":"follow","max-snippet":"max-snippet:-1","max-image-preview":"max-image-preview:large","max-video-preview":"max-video-preview:-1"},"canonical":"https:\/\/pro-mask.com\/en\/products\/accessories\/tape-dispenser-zcm1000\/","og_locale":"en_US","og_type":"article","og_title":"AUTOMATIC TAPE DISPENSER (ZCM1000) - PRO MASK PRODUCTS s.r.o.","og_description":"\u2022 Constructed of durable vinyl\u2022 When hand appling film or premask, it is the perfect solution for smooth substrates\u2022 Gold applicator is nylon reinforced to keep its edge longer than bluePRO MASK PRODUCTS s.r.o. - Maskovac\u00ed krytky, z\u00e1tky, p\u00e1sky, z\u00e1v\u011bsov\u00e1 technika - uhlazovac\u00ed st\u011brka P\u0159\u00edm\u00fd dovozce a zpracovatel maskovac\u00edch prost\u0159edk\u016f pro povrchov\u00e9 \u00fapravy.","og_url":"https:\/\/pro-mask.com\/en\/products\/accessories\/tape-dispenser-zcm1000\/","og_site_name":"PRO MASK PRODUCTS s.r.o.","article_modified_time":"2023-06-09T08:07:18+00:00","og_image":[{"width":550,"height":550,"url":"https:\/\/pro-mask.com\/wp-content\/uploads\/2023\/05\/STROJEK-NA-REZANI-MASKOVACI-PASKY_ZCM1000_1.jpg","type":"image\/jpeg"}],"twitter_card":"summary_large_image","twitter_description":"\u2022 Constructed of durable vinyl\u2022 When hand appling film or premask, it is the perfect solution for smooth substrates\u2022 Gold applicator is nylon reinforced to keep its edge longer than bluePRO MASK PRODUCTS s.r.o. - Maskovac\u00ed krytky, z\u00e1tky, p\u00e1sky, z\u00e1v\u011bsov\u00e1 technika - uhlazovac\u00ed st\u011brka P\u0159\u00edm\u00fd dovozce a zpracovatel maskovac\u00edch prost\u0159edk\u016f pro povrchov\u00e9 \u00fapravy.","twitter_misc":{"Est. reading time":"1 minute"},"schema":{"@context":"https:\/\/schema.org","@graph":[{"@type":["WebPage","ItemPage"],"@id":"https:\/\/pro-mask.com\/en\/products\/accessories\/tape-dispenser-zcm1000\/","url":"https:\/\/pro-mask.com\/en\/products\/accessories\/tape-dispenser-zcm1000\/","name":"AUTOMATIC TAPE DISPENSER (ZCM1000) - PRO MASK PRODUCTS s.r.o.","isPartOf":{"@id":"https:\/\/pro-mask.com\/en\/#website"},"primaryImageOfPage":{"@id":"https:\/\/pro-mask.com\/en\/products\/accessories\/tape-dispenser-zcm1000\/#primaryimage"},"image":{"@id":"https:\/\/pro-mask.com\/en\/products\/accessories\/tape-dispenser-zcm1000\/#primaryimage"},"thumbnailUrl":"https:\/\/pro-mask.com\/wp-content\/uploads\/2023\/05\/STROJEK-NA-REZANI-MASKOVACI-PASKY_ZCM1000_1.jpg","datePublished":"2022-12-14T12:29:41+00:00","dateModified":"2023-06-09T08:07:18+00:00","description":"Electric machine for automatic tape unwinding and cutting.","breadcrumb":{"@id":"https:\/\/pro-mask.com\/en\/products\/accessories\/tape-dispenser-zcm1000\/#breadcrumb"},"inLanguage":"en-US","potentialAction":[{"@type":"ReadAction","target":["https:\/\/pro-mask.com\/en\/products\/accessories\/tape-dispenser-zcm1000\/"]}]},{"@type":"ImageObject","inLanguage":"en-US","@id":"https:\/\/pro-mask.com\/en\/products\/accessories\/tape-dispenser-zcm1000\/#primaryimage","url":"https:\/\/pro-mask.com\/wp-content\/uploads\/2023\/05\/STROJEK-NA-REZANI-MASKOVACI-PASKY_ZCM1000_1.jpg","contentUrl":"https:\/\/pro-mask.com\/wp-content\/uploads\/2023\/05\/STROJEK-NA-REZANI-MASKOVACI-PASKY_ZCM1000_1.jpg","width":550,"height":550},{"@type":"BreadcrumbList","@id":"https:\/\/pro-mask.com\/en\/products\/accessories\/tape-dispenser-zcm1000\/#breadcrumb","itemListElement":[{"@type":"ListItem","position":1,"name":"Home","item":"https:\/\/pro-mask.com\/en\/"},{"@type":"ListItem","position":2,"name":"Shop","item":"https:\/\/pro-mask.com\/en\/shop\/"},{"@type":"ListItem","position":3,"name":"ACCESSORIES","item":"https:\/\/pro-mask.com\/en\/product-category\/accessories\/"},{"@type":"ListItem","position":4,"name":"AUTOMATIC TAPE DISPENSER (ZCM1000)"}]},{"@type":"WebSite","@id":"https:\/\/pro-mask.com\/en\/#website","url":"https:\/\/pro-mask.com\/en\/","name":"PRO MASK PRODUCTS s.r.o.","description":"Maskovac\u00ed materi\u00e1l a z\u00e1vesn\u00e9 h\u00e1ky pro pr\u016fmysl povrchov\u00fdch \u00faprav.","publisher":{"@id":"https:\/\/pro-mask.com\/en\/#organization"},"potentialAction":[{"@type":"SearchAction","target":{"@type":"EntryPoint","urlTemplate":"https:\/\/pro-mask.com\/en\/?s={search_term_string}"},"query-input":{"@type":"PropertyValueSpecification","valueRequired":true,"valueName":"search_term_string"}}],"inLanguage":"en-US"},{"@type":"Organization","@id":"https:\/\/pro-mask.com\/en\/#organization","name":"Pro Mask Products s.r.o.","url":"https:\/\/pro-mask.com\/en\/","logo":{"@type":"ImageObject","inLanguage":"en-US","@id":"https:\/\/pro-mask.com\/en\/#\/schema\/logo\/image\/","url":"https:\/\/pro-mask.com\/wp-content\/uploads\/2021\/12\/header-banner.jpg","contentUrl":"https:\/\/pro-mask.com\/wp-content\/uploads\/2021\/12\/header-banner.jpg","width":1650,"height":947,"caption":"Pro Mask Products s.r.o."},"image":{"@id":"https:\/\/pro-mask.com\/en\/#\/schema\/logo\/image\/"}}]}},"_links":{"self":[{"href":"https:\/\/pro-mask.com\/en\/wp-json\/wp\/v2\/product\/5310","targetHints":{"allow":["GET"]}}],"collection":[{"href":"https:\/\/pro-mask.com\/en\/wp-json\/wp\/v2\/product"}],"about":[{"href":"https:\/\/pro-mask.com\/en\/wp-json\/wp\/v2\/types\/product"}],"replies":[{"embeddable":true,"href":"https:\/\/pro-mask.com\/en\/wp-json\/wp\/v2\/comments?post=5310"}],"version-history":[{"count":0,"href":"https:\/\/pro-mask.com\/en\/wp-json\/wp\/v2\/product\/5310\/revisions"}],"wp:featuredmedia":[{"embeddable":true,"href":"https:\/\/pro-mask.com\/en\/wp-json\/wp\/v2\/media\/5672"}],"wp:attachment":[{"href":"https:\/\/pro-mask.com\/en\/wp-json\/wp\/v2\/media?parent=5310"}],"wp:term":[{"taxonomy":"product_brand","embeddable":true,"href":"https:\/\/pro-mask.com\/en\/wp-json\/wp\/v2\/product_brand?post=5310"},{"taxonomy":"product_cat","embeddable":true,"href":"https:\/\/pro-mask.com\/en\/wp-json\/wp\/v2\/product_cat?post=5310"},{"taxonomy":"product_tag","embeddable":true,"href":"https:\/\/pro-mask.com\/en\/wp-json\/wp\/v2\/product_tag?post=5310"}],"curies":[{"name":"wp","href":"https:\/\/api.w.org\/{rel}","templated":true}]}}