{"id":4411,"date":"2022-05-05T09:57:26","date_gmt":"2022-05-05T07:57:27","guid":{"rendered":"http:\/\/pro-mask.com\/?post_type=product&#038;p=4411"},"modified":"2025-09-29T16:47:30","modified_gmt":"2025-09-29T14:47:30","slug":"vv180-hooks","status":"publish","type":"product","link":"https:\/\/pro-mask.com\/en\/products\/hooks-en\/copper-coated-steel-hooks\/vv180-hooks\/","title":{"rendered":"\"VV180\" HOOKS"},"content":{"rendered":"<p><strong>In case you don't find requested sizes, do not hesitate to&nbsp;<a href=\"https:\/\/pro-mask.com\/en\/contact-us\/\">contact us<\/a>.<\/strong><\/p>\n<style type=\"text\/css\">\n.tableizer-table {font-family: Arial, Helvetica, sans-serif; font-size: 11px;}\n.tableizer-table td {padding: 3px 25px 3px 25px; border: 1px solid #fff; background-color: #ddd; color: #000; text-align: center;}\n.tableizer-table th {text-align:center;padding: 3px 25px 3px 25px; border: 1px solid #fff; background-color: #ebbc06; color: #fff; font-weight: bold;}\ntd:first-child {text-align: left; background-color: #ccc7c2; font-weight: bold;}\nth:first-child {text-align: left;}\n<\/style>\n<p><P><\/P><br \/>\n<\/p>\n<h3>wire - \u00d8 4mm<\/h3>\n<table class=\"tableizer-table\">\n<thead>\n<tr class=\"tableizer-firstrow\">\n<th>PART NO.<\/th>\n<th>A (mm)<\/th>\n<th>B (mm)<\/th>\n<th>C (mm)<\/th>\n<th>D (mm)<\/th>\n<th>pcs \/ PACKAGE<\/th>\n<\/tr>\n<\/thead>\n<tbody>\n<tr>\n<td>DM-VV180-125x4-20x20<\/td>\n<td>125<\/td>\n<td>4<\/td>\n<td>20<\/td>\n<td>20<\/td>\n<td>250<\/td>\n<\/tr>\n<tr>\n<td>DM-VV180-180x4-20x20<\/td>\n<td>180<\/td>\n<td>4<\/td>\n<td>20<\/td>\n<td>20<\/td>\n<td>250<\/td>\n<\/tr>\n<tr>\n<td>DM-VV180-230x4-20x20<\/td>\n<td>230<\/td>\n<td>4<\/td>\n<td>20<\/td>\n<td>20<\/td>\n<td>200<\/td>\n<\/tr>\n<\/tbody>\n<\/table>\n","protected":false},"excerpt":{"rendered":"<p>\u2022 Two-angular bend provides stabler hanging<br \/>\n\u2022 Higher load capacity than radius (\"CC\") hooks<br \/>\n\u2022 Entire production with own CNC machines<br \/>\n\u2022 Custom production according to customer's requirements<br \/>\n\u2022 Spring steel available<br \/>\n\u2022 Entire packages only<br \/>\n\u2022 Layers of hooks separated by cardboard interlays for easier taking<br \/>\n\u2022 To verify the load capacity free samples available<\/p>\n<hr \/>\n<h4><span style=\"font-size: 14px; color: #808080;\">Maximum recommended hook load<\/span><\/h4>\n<p><img loading=\"lazy\" decoding=\"async\" class=\"alignleft wp-image-5610\" src=\"https:\/\/pro-mask.com\/wp-content\/uploads\/2023\/03\/zatizeni-ENG-1-1024x284.jpg\" alt=\"\" width=\"600\" height=\"167\" srcset=\"https:\/\/pro-mask.com\/wp-content\/uploads\/2023\/03\/zatizeni-ENG-1-600x167.jpg 600w, https:\/\/pro-mask.com\/wp-content\/uploads\/2023\/03\/zatizeni-ENG-1-400x111.jpg 400w\" sizes=\"auto, (max-width: 600px) 100vw, 600px\" \/><\/p>\n<p><span style=\"font-size: 12px !important;\">Recommended safe load limits have been determined by an independent laboratory on the basis of static loads. In operation, the load capacity of hooks is affected by dynamic loads such as movement on the conveyor, sudden changes in speed or conveyor vibrations. The tested hooks have not been exposed to chemical, mechanical or high temperature processes. The values given are recommended and therefore without guarantee and only valid for standard hooks from the catalogue.<\/span><\/p>\n","protected":false},"featured_media":5795,"comment_status":"closed","ping_status":"closed","template":"","meta":{"footnotes":""},"product_brand":[],"product_cat":[38,214],"product_tag":[],"class_list":{"0":"post-4411","1":"product","2":"type-product","3":"status-publish","4":"has-post-thumbnail","6":"product_cat-maskovani-os","7":"product_cat-copper-coated-steel-hooks","9":"first","10":"instock","11":"product-type-simple"},"yoast_head":"<!-- This site is optimized with the Yoast SEO plugin v27.4 - https:\/\/yoast.com\/product\/yoast-seo-wordpress\/ -->\n<title>&quot;VV180&quot; HOOKS - PRO MASK PRODUCTS s.r.o.<\/title>\n<meta name=\"description\" content=\"\u2022 Two-angular bend provides stabler hanging\u2022 Higher load capacity than radius (&quot;CC&quot;) hooks\u2022 Entire production with own CNC machines\u2022 Custom production according to customer&#039;s requirements\u2022 Spring steel available\u2022 Entire packages only\u2022 Layers of hooks separated by cardboard interlays for easier taking\u2022 To verify the load capacity free samples available\" \/>\n<meta name=\"robots\" content=\"index, follow, max-snippet:-1, max-image-preview:large, max-video-preview:-1\" \/>\n<link rel=\"canonical\" href=\"https:\/\/pro-mask.com\/en\/products\/hooks-en\/copper-coated-steel-hooks\/vv180-hooks\/\" \/>\n<meta property=\"og:locale\" content=\"en_US\" \/>\n<meta property=\"og:type\" content=\"article\" \/>\n<meta property=\"og:title\" content=\"&quot;VV180&quot; HOOKS - PRO MASK PRODUCTS s.r.o.\" \/>\n<meta property=\"og:description\" content=\"\u2022 Two-angular bend provides stabler hanging\u2022 Higher load capacity than radius (&quot;CC&quot;) hooks\u2022 Entire production with own CNC machines\u2022 Custom production according to customer&#039;s requirements\u2022 Spring steel available\u2022 Entire packages only\u2022 Layers of hooks separated by cardboard interlays for easier taking\u2022 To verify the load capacity free samples availablePRO MASK PRODUCTS s.r.o. - Maskovac\u00ed krytky, z\u00e1tky, p\u00e1sky, z\u00e1v\u011bsov\u00e1 technika - Z\u00e1v\u011bsn\u00e9 VI h\u00e1ky P\u0159\u00edm\u00fd dovozce a zpracovatel maskovac\u00edch prost\u0159edk\u016f pro povrchov\u00e9 \u00fapravy.\" \/>\n<meta property=\"og:url\" content=\"https:\/\/pro-mask.com\/en\/products\/hooks-en\/copper-coated-steel-hooks\/vv180-hooks\/\" \/>\n<meta property=\"og:site_name\" content=\"PRO MASK PRODUCTS s.r.o.\" \/>\n<meta property=\"article:modified_time\" content=\"2025-09-29T14:47:30+00:00\" \/>\n<meta property=\"og:image\" content=\"https:\/\/pro-mask.com\/wp-content\/uploads\/2023\/10\/VV180-HAKY_1.jpg\" \/>\n\t<meta property=\"og:image:width\" content=\"1421\" \/>\n\t<meta property=\"og:image:height\" content=\"1421\" \/>\n\t<meta property=\"og:image:type\" content=\"image\/jpeg\" \/>\n<meta name=\"twitter:card\" content=\"summary_large_image\" \/>\n<meta name=\"twitter:description\" content=\"\u2022 Two-angular bend provides stabler hanging\u2022 Higher load capacity than radius (&quot;CC&quot;) hooks\u2022 Entire production with own CNC machines\u2022 Custom production according to customer&#039;s requirements\u2022 Spring steel available\u2022 Entire packages only\u2022 Layers of hooks separated by cardboard interlays for easier taking\u2022 To verify the load capacity free samples availablePRO MASK PRODUCTS s.r.o. - Maskovac\u00ed krytky, z\u00e1tky, p\u00e1sky, z\u00e1v\u011bsov\u00e1 technika - Z\u00e1v\u011bsn\u00e9 VI h\u00e1ky P\u0159\u00edm\u00fd dovozce a zpracovatel maskovac\u00edch prost\u0159edk\u016f pro povrchov\u00e9 \u00fapravy.\" \/>\n<meta name=\"twitter:label1\" content=\"Est. reading time\" \/>\n\t<meta name=\"twitter:data1\" content=\"1 minute\" \/>\n<script type=\"application\/ld+json\" class=\"yoast-schema-graph\">{\"@context\":\"https:\\\/\\\/schema.org\",\"@graph\":[{\"@type\":[\"WebPage\",\"ItemPage\"],\"@id\":\"https:\\\/\\\/pro-mask.com\\\/en\\\/products\\\/hooks-en\\\/copper-coated-steel-hooks\\\/vv180-hooks\\\/\",\"url\":\"https:\\\/\\\/pro-mask.com\\\/en\\\/products\\\/hooks-en\\\/copper-coated-steel-hooks\\\/vv180-hooks\\\/\",\"name\":\"\\\"VV180\\\" HOOKS - PRO MASK PRODUCTS s.r.o.\",\"isPartOf\":{\"@id\":\"https:\\\/\\\/pro-mask.com\\\/en\\\/#website\"},\"primaryImageOfPage\":{\"@id\":\"https:\\\/\\\/pro-mask.com\\\/en\\\/products\\\/hooks-en\\\/copper-coated-steel-hooks\\\/vv180-hooks\\\/#primaryimage\"},\"image\":{\"@id\":\"https:\\\/\\\/pro-mask.com\\\/en\\\/products\\\/hooks-en\\\/copper-coated-steel-hooks\\\/vv180-hooks\\\/#primaryimage\"},\"thumbnailUrl\":\"https:\\\/\\\/pro-mask.com\\\/wp-content\\\/uploads\\\/2023\\\/10\\\/VV180-HAKY_1.jpg\",\"datePublished\":\"2022-05-05T07:57:27+00:00\",\"dateModified\":\"2025-09-29T14:47:30+00:00\",\"description\":\"\u2022 Two-angular bend provides stabler hanging\u2022 Higher load capacity than radius (\\\"CC\\\") hooks\u2022 Entire production with own CNC machines\u2022 Custom production according to customer's requirements\u2022 Spring steel available\u2022 Entire packages only\u2022 Layers of hooks separated by cardboard interlays for easier taking\u2022 To verify the load capacity free samples available\",\"breadcrumb\":{\"@id\":\"https:\\\/\\\/pro-mask.com\\\/en\\\/products\\\/hooks-en\\\/copper-coated-steel-hooks\\\/vv180-hooks\\\/#breadcrumb\"},\"inLanguage\":\"en-US\",\"potentialAction\":[{\"@type\":\"ReadAction\",\"target\":[\"https:\\\/\\\/pro-mask.com\\\/en\\\/products\\\/hooks-en\\\/copper-coated-steel-hooks\\\/vv180-hooks\\\/\"]}]},{\"@type\":\"ImageObject\",\"inLanguage\":\"en-US\",\"@id\":\"https:\\\/\\\/pro-mask.com\\\/en\\\/products\\\/hooks-en\\\/copper-coated-steel-hooks\\\/vv180-hooks\\\/#primaryimage\",\"url\":\"https:\\\/\\\/pro-mask.com\\\/wp-content\\\/uploads\\\/2023\\\/10\\\/VV180-HAKY_1.jpg\",\"contentUrl\":\"https:\\\/\\\/pro-mask.com\\\/wp-content\\\/uploads\\\/2023\\\/10\\\/VV180-HAKY_1.jpg\",\"width\":1421,\"height\":1421},{\"@type\":\"BreadcrumbList\",\"@id\":\"https:\\\/\\\/pro-mask.com\\\/en\\\/products\\\/hooks-en\\\/copper-coated-steel-hooks\\\/vv180-hooks\\\/#breadcrumb\",\"itemListElement\":[{\"@type\":\"ListItem\",\"position\":1,\"name\":\"Home\",\"item\":\"https:\\\/\\\/pro-mask.com\\\/en\\\/\"},{\"@type\":\"ListItem\",\"position\":2,\"name\":\"Shop\",\"item\":\"https:\\\/\\\/pro-mask.com\\\/en\\\/shop\\\/\"},{\"@type\":\"ListItem\",\"position\":3,\"name\":\"HOOKS\",\"item\":\"https:\\\/\\\/pro-mask.com\\\/en\\\/product-category\\\/hooks-en\\\/\"},{\"@type\":\"ListItem\",\"position\":4,\"name\":\"Copper-coated low carbon steel hooks\",\"item\":\"https:\\\/\\\/pro-mask.com\\\/en\\\/product-category\\\/hooks-en\\\/copper-coated-steel-hooks\\\/\"},{\"@type\":\"ListItem\",\"position\":5,\"name\":\"\\\"VV180\\\" HOOKS\"}]},{\"@type\":\"WebSite\",\"@id\":\"https:\\\/\\\/pro-mask.com\\\/en\\\/#website\",\"url\":\"https:\\\/\\\/pro-mask.com\\\/en\\\/\",\"name\":\"PRO MASK PRODUCTS s.r.o.\",\"description\":\"Maskovac\u00ed materi\u00e1l a z\u00e1vesn\u00e9 h\u00e1ky pro pr\u016fmysl povrchov\u00fdch \u00faprav.\",\"publisher\":{\"@id\":\"https:\\\/\\\/pro-mask.com\\\/en\\\/#organization\"},\"potentialAction\":[{\"@type\":\"SearchAction\",\"target\":{\"@type\":\"EntryPoint\",\"urlTemplate\":\"https:\\\/\\\/pro-mask.com\\\/en\\\/?s={search_term_string}\"},\"query-input\":{\"@type\":\"PropertyValueSpecification\",\"valueRequired\":true,\"valueName\":\"search_term_string\"}}],\"inLanguage\":\"en-US\"},{\"@type\":\"Organization\",\"@id\":\"https:\\\/\\\/pro-mask.com\\\/en\\\/#organization\",\"name\":\"Pro Mask Products s.r.o.\",\"url\":\"https:\\\/\\\/pro-mask.com\\\/en\\\/\",\"logo\":{\"@type\":\"ImageObject\",\"inLanguage\":\"en-US\",\"@id\":\"https:\\\/\\\/pro-mask.com\\\/en\\\/#\\\/schema\\\/logo\\\/image\\\/\",\"url\":\"https:\\\/\\\/pro-mask.com\\\/wp-content\\\/uploads\\\/2021\\\/12\\\/header-banner.jpg\",\"contentUrl\":\"https:\\\/\\\/pro-mask.com\\\/wp-content\\\/uploads\\\/2021\\\/12\\\/header-banner.jpg\",\"width\":1650,\"height\":947,\"caption\":\"Pro Mask Products s.r.o.\"},\"image\":{\"@id\":\"https:\\\/\\\/pro-mask.com\\\/en\\\/#\\\/schema\\\/logo\\\/image\\\/\"}}]}<\/script>\n<!-- \/ Yoast SEO plugin. -->","yoast_head_json":{"title":"\"VV180\" HOOKS - PRO MASK PRODUCTS s.r.o.","description":"\u2022 Two-angular bend provides stabler hanging\u2022 Higher load capacity than radius (\"CC\") hooks\u2022 Entire production with own CNC machines\u2022 Custom production according to customer's requirements\u2022 Spring steel available\u2022 Entire packages only\u2022 Layers of hooks separated by cardboard interlays for easier taking\u2022 To verify the load capacity free samples available","robots":{"index":"index","follow":"follow","max-snippet":"max-snippet:-1","max-image-preview":"max-image-preview:large","max-video-preview":"max-video-preview:-1"},"canonical":"https:\/\/pro-mask.com\/en\/products\/hooks-en\/copper-coated-steel-hooks\/vv180-hooks\/","og_locale":"en_US","og_type":"article","og_title":"\"VV180\" HOOKS - PRO MASK PRODUCTS s.r.o.","og_description":"\u2022 Two-angular bend provides stabler hanging\u2022 Higher load capacity than radius (\"CC\") hooks\u2022 Entire production with own CNC machines\u2022 Custom production according to customer's requirements\u2022 Spring steel available\u2022 Entire packages only\u2022 Layers of hooks separated by cardboard interlays for easier taking\u2022 To verify the load capacity free samples availablePRO MASK PRODUCTS s.r.o. - Maskovac\u00ed krytky, z\u00e1tky, p\u00e1sky, z\u00e1v\u011bsov\u00e1 technika - Z\u00e1v\u011bsn\u00e9 VI h\u00e1ky P\u0159\u00edm\u00fd dovozce a zpracovatel maskovac\u00edch prost\u0159edk\u016f pro povrchov\u00e9 \u00fapravy.","og_url":"https:\/\/pro-mask.com\/en\/products\/hooks-en\/copper-coated-steel-hooks\/vv180-hooks\/","og_site_name":"PRO MASK PRODUCTS s.r.o.","article_modified_time":"2025-09-29T14:47:30+00:00","og_image":[{"width":1421,"height":1421,"url":"https:\/\/pro-mask.com\/wp-content\/uploads\/2023\/10\/VV180-HAKY_1.jpg","type":"image\/jpeg"}],"twitter_card":"summary_large_image","twitter_description":"\u2022 Two-angular bend provides stabler hanging\u2022 Higher load capacity than radius (\"CC\") hooks\u2022 Entire production with own CNC machines\u2022 Custom production according to customer's requirements\u2022 Spring steel available\u2022 Entire packages only\u2022 Layers of hooks separated by cardboard interlays for easier taking\u2022 To verify the load capacity free samples availablePRO MASK PRODUCTS s.r.o. - Maskovac\u00ed krytky, z\u00e1tky, p\u00e1sky, z\u00e1v\u011bsov\u00e1 technika - Z\u00e1v\u011bsn\u00e9 VI h\u00e1ky P\u0159\u00edm\u00fd dovozce a zpracovatel maskovac\u00edch prost\u0159edk\u016f pro povrchov\u00e9 \u00fapravy.","twitter_misc":{"Est. reading time":"1 minute"},"schema":{"@context":"https:\/\/schema.org","@graph":[{"@type":["WebPage","ItemPage"],"@id":"https:\/\/pro-mask.com\/en\/products\/hooks-en\/copper-coated-steel-hooks\/vv180-hooks\/","url":"https:\/\/pro-mask.com\/en\/products\/hooks-en\/copper-coated-steel-hooks\/vv180-hooks\/","name":"\"VV180\" HOOKS - PRO MASK PRODUCTS s.r.o.","isPartOf":{"@id":"https:\/\/pro-mask.com\/en\/#website"},"primaryImageOfPage":{"@id":"https:\/\/pro-mask.com\/en\/products\/hooks-en\/copper-coated-steel-hooks\/vv180-hooks\/#primaryimage"},"image":{"@id":"https:\/\/pro-mask.com\/en\/products\/hooks-en\/copper-coated-steel-hooks\/vv180-hooks\/#primaryimage"},"thumbnailUrl":"https:\/\/pro-mask.com\/wp-content\/uploads\/2023\/10\/VV180-HAKY_1.jpg","datePublished":"2022-05-05T07:57:27+00:00","dateModified":"2025-09-29T14:47:30+00:00","description":"\u2022 Two-angular bend provides stabler hanging\u2022 Higher load capacity than radius (\"CC\") hooks\u2022 Entire production with own CNC machines\u2022 Custom production according to customer's requirements\u2022 Spring steel available\u2022 Entire packages only\u2022 Layers of hooks separated by cardboard interlays for easier taking\u2022 To verify the load capacity free samples available","breadcrumb":{"@id":"https:\/\/pro-mask.com\/en\/products\/hooks-en\/copper-coated-steel-hooks\/vv180-hooks\/#breadcrumb"},"inLanguage":"en-US","potentialAction":[{"@type":"ReadAction","target":["https:\/\/pro-mask.com\/en\/products\/hooks-en\/copper-coated-steel-hooks\/vv180-hooks\/"]}]},{"@type":"ImageObject","inLanguage":"en-US","@id":"https:\/\/pro-mask.com\/en\/products\/hooks-en\/copper-coated-steel-hooks\/vv180-hooks\/#primaryimage","url":"https:\/\/pro-mask.com\/wp-content\/uploads\/2023\/10\/VV180-HAKY_1.jpg","contentUrl":"https:\/\/pro-mask.com\/wp-content\/uploads\/2023\/10\/VV180-HAKY_1.jpg","width":1421,"height":1421},{"@type":"BreadcrumbList","@id":"https:\/\/pro-mask.com\/en\/products\/hooks-en\/copper-coated-steel-hooks\/vv180-hooks\/#breadcrumb","itemListElement":[{"@type":"ListItem","position":1,"name":"Home","item":"https:\/\/pro-mask.com\/en\/"},{"@type":"ListItem","position":2,"name":"Shop","item":"https:\/\/pro-mask.com\/en\/shop\/"},{"@type":"ListItem","position":3,"name":"HOOKS","item":"https:\/\/pro-mask.com\/en\/product-category\/hooks-en\/"},{"@type":"ListItem","position":4,"name":"Copper-coated low carbon steel hooks","item":"https:\/\/pro-mask.com\/en\/product-category\/hooks-en\/copper-coated-steel-hooks\/"},{"@type":"ListItem","position":5,"name":"\"VV180\" HOOKS"}]},{"@type":"WebSite","@id":"https:\/\/pro-mask.com\/en\/#website","url":"https:\/\/pro-mask.com\/en\/","name":"PRO MASK PRODUCTS s.r.o.","description":"Maskovac\u00ed materi\u00e1l a z\u00e1vesn\u00e9 h\u00e1ky pro pr\u016fmysl povrchov\u00fdch \u00faprav.","publisher":{"@id":"https:\/\/pro-mask.com\/en\/#organization"},"potentialAction":[{"@type":"SearchAction","target":{"@type":"EntryPoint","urlTemplate":"https:\/\/pro-mask.com\/en\/?s={search_term_string}"},"query-input":{"@type":"PropertyValueSpecification","valueRequired":true,"valueName":"search_term_string"}}],"inLanguage":"en-US"},{"@type":"Organization","@id":"https:\/\/pro-mask.com\/en\/#organization","name":"Pro Mask Products s.r.o.","url":"https:\/\/pro-mask.com\/en\/","logo":{"@type":"ImageObject","inLanguage":"en-US","@id":"https:\/\/pro-mask.com\/en\/#\/schema\/logo\/image\/","url":"https:\/\/pro-mask.com\/wp-content\/uploads\/2021\/12\/header-banner.jpg","contentUrl":"https:\/\/pro-mask.com\/wp-content\/uploads\/2021\/12\/header-banner.jpg","width":1650,"height":947,"caption":"Pro Mask Products s.r.o."},"image":{"@id":"https:\/\/pro-mask.com\/en\/#\/schema\/logo\/image\/"}}]}},"_links":{"self":[{"href":"https:\/\/pro-mask.com\/en\/wp-json\/wp\/v2\/product\/4411","targetHints":{"allow":["GET"]}}],"collection":[{"href":"https:\/\/pro-mask.com\/en\/wp-json\/wp\/v2\/product"}],"about":[{"href":"https:\/\/pro-mask.com\/en\/wp-json\/wp\/v2\/types\/product"}],"replies":[{"embeddable":true,"href":"https:\/\/pro-mask.com\/en\/wp-json\/wp\/v2\/comments?post=4411"}],"version-history":[{"count":1,"href":"https:\/\/pro-mask.com\/en\/wp-json\/wp\/v2\/product\/4411\/revisions"}],"predecessor-version":[{"id":6172,"href":"https:\/\/pro-mask.com\/en\/wp-json\/wp\/v2\/product\/4411\/revisions\/6172"}],"wp:featuredmedia":[{"embeddable":true,"href":"https:\/\/pro-mask.com\/en\/wp-json\/wp\/v2\/media\/5795"}],"wp:attachment":[{"href":"https:\/\/pro-mask.com\/en\/wp-json\/wp\/v2\/media?parent=4411"}],"wp:term":[{"taxonomy":"product_brand","embeddable":true,"href":"https:\/\/pro-mask.com\/en\/wp-json\/wp\/v2\/product_brand?post=4411"},{"taxonomy":"product_cat","embeddable":true,"href":"https:\/\/pro-mask.com\/en\/wp-json\/wp\/v2\/product_cat?post=4411"},{"taxonomy":"product_tag","embeddable":true,"href":"https:\/\/pro-mask.com\/en\/wp-json\/wp\/v2\/product_tag?post=4411"}],"curies":[{"name":"wp","href":"https:\/\/api.w.org\/{rel}","templated":true}]}}