{"id":3020,"date":"2021-11-24T20:22:20","date_gmt":"2021-11-24T19:29:02","guid":{"rendered":"http:\/\/pro-mask.com\/shop\/uncategorized\/flex-tite-pull-plug\/"},"modified":"2022-05-09T15:49:49","modified_gmt":"2022-05-09T13:49:49","slug":"flex-tite-pull-plug","status":"publish","type":"product","link":"https:\/\/pro-mask.com\/en\/products\/masking-for-hole\/standard-silicone-cn-en\/flex-tite-pull-plug\/","title":{"rendered":"FLEX-TITE PULL PLUG (CPP)"},"content":{"rendered":"<p><strong>In case you don't find requested sizes, do not hasitate to <a href=\"https:\/\/pro-mask.com\/en\/contact-us\/\">contact us<\/a>.<\/strong><\/p>\n<style type=\"text\/css\">\n.tableizer-table {font-family: Arial, Helvetica, sans-serif; font-size: 11px;}\n.tableizer-table td {padding: 3px 25px 3px 25px; border: 1px solid #fff; background-color: #ddd; color: #000; text-align: center;}\n.tableizer-table th {text-align:center;padding: 3px 25px 3px 25px; border: 1px solid #fff; background-color: #ebbc06; color: #fff; font-weight: bold;}\ntd:first-child {text-align: left; background-color: #ccc7c2; font-weight: bold;}\nth:first-child {text-align: left;}\n<\/style>\n<table class=\"tableizer-table\">\n<thead>\n<tr class=\"tableizer-firstrow\">\n<th>PART No.<\/th>\n<th>&nbsp;<\/th>\n<th>A (mm)<\/th>\n<th>B (mm)<\/th>\n<th>L (mm)<\/th>\n<\/tr>\n<\/thead>\n<tbody>\n<tr>\n<td>CPP-0280x0493-L<\/td>\n<td>M6<\/td>\n<td>7,1<\/td>\n<td>12,5<\/td>\n<td>68,1<\/td>\n<\/tr>\n<tr>\n<td>CPP-0365x0660-R<\/td>\n<td>M8<\/td>\n<td>9,3<\/td>\n<td>16,8<\/td>\n<td>66,8<\/td>\n<\/tr>\n<tr>\n<td>CPP-0428x0787-L<\/td>\n<td>M10<\/td>\n<td>10,8<\/td>\n<td>20<\/td>\n<td>68,1<\/td>\n<\/tr>\n<\/tbody>\n<\/table>\n","protected":false},"excerpt":{"rendered":"<p>\u2022 Material - SILICONE (made in China)<br \/>\n\u2022 Thermal load: long withstand temperatures up to 210\u00b0C, briefly up to 315\u00b0C<br \/>\n\u2022 Particularly suitable for masking long holes<br \/>\n\u2022 Best way to mask 82\u00b0, 90\u00b0, 100\u00b0 countersink holes<br \/>\n\u2022 Crucial point first contact design ensures liquid tight seal<br \/>\n\u2022 Re-usability<br \/>\n\u2022 Suitable for powder coating, electroplating, anodizing, etc.<\/p>\n","protected":false},"featured_media":3533,"comment_status":"closed","ping_status":"closed","template":"","meta":{"footnotes":""},"product_brand":[],"product_cat":[158,163],"product_tag":[],"class_list":{"0":"post-3020","1":"product","2":"type-product","3":"status-publish","4":"has-post-thumbnail","6":"product_cat-masking-for-hole","7":"product_cat-standard-silicone-cn-en","9":"first","10":"instock","11":"product-type-simple"},"yoast_head":"<!-- This site is optimized with the Yoast SEO plugin v27.4 - https:\/\/yoast.com\/product\/yoast-seo-wordpress\/ -->\n<title>FLEX-TITE PULL PLUG - T\u011bsn\u00edc\u00ed pr\u016fvle\u010dn\u00e9 z\u00e1tky - PRO MASK PRODUCTS s.r.o.<\/title>\n<meta name=\"description\" content=\"\u2022 Material - SILICONE (made in China)\u2022 Thermal load - long withstand temperatures up to 210\u00b0C\u00a0\u00a0\u00a0\u00a0\u00a0\u00a0\u00a0\u00a0\u00a0\u00a0\u00a0\u00a0\u00a0\u00a0\u00a0\u00a0\u00a0\u00a0\u00a0\u00a0\u00a0\u00a0\u00a0 - briefly up to 315\u00b0C\u2022 Particularly suitable for masking long holes\u2022 Best way to mask 82\u00b0, 90\u00b0, 100\u00b0 countersink holes\u2022 Crucial point first contact design ensures liquid tight seal\u2022 Re-usability\u2022 Suitable for powder coating, electroplating, anodizing, etc.\" \/>\n<meta name=\"robots\" content=\"index, follow, max-snippet:-1, max-image-preview:large, max-video-preview:-1\" \/>\n<link rel=\"canonical\" href=\"https:\/\/pro-mask.com\/en\/products\/masking-for-hole\/standard-silicone-cn-en\/flex-tite-pull-plug\/\" \/>\n<meta property=\"og:locale\" content=\"en_US\" \/>\n<meta property=\"og:type\" content=\"article\" \/>\n<meta property=\"og:title\" content=\"FLEX-TITE PULL PLUG - T\u011bsn\u00edc\u00ed pr\u016fvle\u010dn\u00e9 z\u00e1tky - PRO MASK PRODUCTS s.r.o.\" \/>\n<meta property=\"og:description\" content=\"\u2022 Material - SILICONE (made in China)\u2022 Thermal load - long withstand temperatures up to 210\u00b0C\u00a0\u00a0\u00a0\u00a0\u00a0\u00a0\u00a0\u00a0\u00a0\u00a0\u00a0\u00a0\u00a0\u00a0\u00a0\u00a0\u00a0\u00a0\u00a0\u00a0\u00a0\u00a0\u00a0 - briefly up to 315\u00b0C\u2022 Particularly suitable for masking long holes\u2022 Best way to mask 82\u00b0, 90\u00b0, 100\u00b0 countersink holes\u2022 Crucial point first contact design ensures liquid tight seal\u2022 Re-usability\u2022 Suitable for powder coating, electroplating, anodizing, etc.PRO MASK PRODUCTS s.r.o. - Maskovac\u00ed krytky, z\u00e1tky, p\u00e1sky, z\u00e1v\u011bsov\u00e1 technika - t\u011bsn\u00edc\u00ed pr\u016fvle\u010dn\u00e9 z\u00e1tkyP\u0159\u00edm\u00fd dovozce a zpracovatel maskovac\u00edch prost\u0159edk\u016f pro povrchov\u00e9 \u00fapravy.\" \/>\n<meta property=\"og:url\" content=\"https:\/\/pro-mask.com\/en\/products\/masking-for-hole\/standard-silicone-cn-en\/flex-tite-pull-plug\/\" \/>\n<meta property=\"og:site_name\" content=\"PRO MASK PRODUCTS s.r.o.\" \/>\n<meta property=\"article:modified_time\" content=\"2022-05-09T13:49:49+00:00\" \/>\n<meta property=\"og:image\" content=\"https:\/\/pro-mask.com\/wp-content\/uploads\/2021\/11\/TE\u030cSNI\u0301CI\u0301-PRU\u030aVLEC\u030cNE\u0301-ZA\u0301TKY_CPP_1.jpg\" \/>\n\t<meta property=\"og:image:width\" content=\"1793\" \/>\n\t<meta property=\"og:image:height\" content=\"1793\" \/>\n\t<meta property=\"og:image:type\" content=\"image\/jpeg\" \/>\n<meta name=\"twitter:card\" content=\"summary_large_image\" \/>\n<meta name=\"twitter:description\" content=\"\u2022 Material - SILICONE (made in China)\u2022 Thermal load - long withstand temperatures up to 210\u00b0C\u00a0\u00a0\u00a0\u00a0\u00a0\u00a0\u00a0\u00a0\u00a0\u00a0\u00a0\u00a0\u00a0\u00a0\u00a0\u00a0\u00a0\u00a0\u00a0\u00a0\u00a0\u00a0\u00a0 - briefly up to 315\u00b0C\u2022 Particularly suitable for masking long holes\u2022 Best way to mask 82\u00b0, 90\u00b0, 100\u00b0 countersink holes\u2022 Crucial point first contact design ensures liquid tight seal\u2022 Re-usability\u2022 Suitable for powder coating, electroplating, anodizing, etc.PRO MASK PRODUCTS s.r.o. - Maskovac\u00ed krytky, z\u00e1tky, p\u00e1sky, z\u00e1v\u011bsov\u00e1 technika - t\u011bsn\u00edc\u00ed pr\u016fvle\u010dn\u00e9 z\u00e1tkyP\u0159\u00edm\u00fd dovozce a zpracovatel maskovac\u00edch prost\u0159edk\u016f pro povrchov\u00e9 \u00fapravy.\" \/>\n<script type=\"application\/ld+json\" class=\"yoast-schema-graph\">{\"@context\":\"https:\\\/\\\/schema.org\",\"@graph\":[{\"@type\":[\"WebPage\",\"ItemPage\"],\"@id\":\"https:\\\/\\\/pro-mask.com\\\/en\\\/products\\\/masking-for-hole\\\/standard-silicone-cn-en\\\/flex-tite-pull-plug\\\/\",\"url\":\"https:\\\/\\\/pro-mask.com\\\/en\\\/products\\\/masking-for-hole\\\/standard-silicone-cn-en\\\/flex-tite-pull-plug\\\/\",\"name\":\"FLEX-TITE PULL PLUG - T\u011bsn\u00edc\u00ed pr\u016fvle\u010dn\u00e9 z\u00e1tky - PRO MASK PRODUCTS s.r.o.\",\"isPartOf\":{\"@id\":\"https:\\\/\\\/pro-mask.com\\\/en\\\/#website\"},\"primaryImageOfPage\":{\"@id\":\"https:\\\/\\\/pro-mask.com\\\/en\\\/products\\\/masking-for-hole\\\/standard-silicone-cn-en\\\/flex-tite-pull-plug\\\/#primaryimage\"},\"image\":{\"@id\":\"https:\\\/\\\/pro-mask.com\\\/en\\\/products\\\/masking-for-hole\\\/standard-silicone-cn-en\\\/flex-tite-pull-plug\\\/#primaryimage\"},\"thumbnailUrl\":\"https:\\\/\\\/pro-mask.com\\\/wp-content\\\/uploads\\\/2021\\\/11\\\/TE\u030cSNI\u0301CI\u0301-PRU\u030aVLEC\u030cNE\u0301-ZA\u0301TKY_CPP_1.jpg\",\"datePublished\":\"2021-11-24T19:29:02+00:00\",\"dateModified\":\"2022-05-09T13:49:49+00:00\",\"description\":\"\u2022 Material - SILICONE (made in China)\u2022 Thermal load - long withstand temperatures up to 210\u00b0C\u00a0\u00a0\u00a0\u00a0\u00a0\u00a0\u00a0\u00a0\u00a0\u00a0\u00a0\u00a0\u00a0\u00a0\u00a0\u00a0\u00a0\u00a0\u00a0\u00a0\u00a0\u00a0\u00a0 - briefly up to 315\u00b0C\u2022 Particularly suitable for masking long holes\u2022 Best way to mask 82\u00b0, 90\u00b0, 100\u00b0 countersink holes\u2022 Crucial point first contact design ensures liquid tight seal\u2022 Re-usability\u2022 Suitable for powder coating, electroplating, anodizing, etc.\",\"breadcrumb\":{\"@id\":\"https:\\\/\\\/pro-mask.com\\\/en\\\/products\\\/masking-for-hole\\\/standard-silicone-cn-en\\\/flex-tite-pull-plug\\\/#breadcrumb\"},\"inLanguage\":\"en-US\",\"potentialAction\":[{\"@type\":\"ReadAction\",\"target\":[\"https:\\\/\\\/pro-mask.com\\\/en\\\/products\\\/masking-for-hole\\\/standard-silicone-cn-en\\\/flex-tite-pull-plug\\\/\"]}]},{\"@type\":\"ImageObject\",\"inLanguage\":\"en-US\",\"@id\":\"https:\\\/\\\/pro-mask.com\\\/en\\\/products\\\/masking-for-hole\\\/standard-silicone-cn-en\\\/flex-tite-pull-plug\\\/#primaryimage\",\"url\":\"https:\\\/\\\/pro-mask.com\\\/wp-content\\\/uploads\\\/2021\\\/11\\\/TE\u030cSNI\u0301CI\u0301-PRU\u030aVLEC\u030cNE\u0301-ZA\u0301TKY_CPP_1.jpg\",\"contentUrl\":\"https:\\\/\\\/pro-mask.com\\\/wp-content\\\/uploads\\\/2021\\\/11\\\/TE\u030cSNI\u0301CI\u0301-PRU\u030aVLEC\u030cNE\u0301-ZA\u0301TKY_CPP_1.jpg\",\"width\":1793,\"height\":1793},{\"@type\":\"BreadcrumbList\",\"@id\":\"https:\\\/\\\/pro-mask.com\\\/en\\\/products\\\/masking-for-hole\\\/standard-silicone-cn-en\\\/flex-tite-pull-plug\\\/#breadcrumb\",\"itemListElement\":[{\"@type\":\"ListItem\",\"position\":1,\"name\":\"Home\",\"item\":\"https:\\\/\\\/pro-mask.com\\\/en\\\/\"},{\"@type\":\"ListItem\",\"position\":2,\"name\":\"Shop\",\"item\":\"https:\\\/\\\/pro-mask.com\\\/en\\\/shop\\\/\"},{\"@type\":\"ListItem\",\"position\":3,\"name\":\"MASKING FOR HOLE\",\"item\":\"https:\\\/\\\/pro-mask.com\\\/en\\\/product-category\\\/masking-for-hole\\\/\"},{\"@type\":\"ListItem\",\"position\":4,\"name\":\"STANDARD silicone (CN)\",\"item\":\"https:\\\/\\\/pro-mask.com\\\/en\\\/product-category\\\/masking-for-hole\\\/standard-silicone-cn-en\\\/\"},{\"@type\":\"ListItem\",\"position\":5,\"name\":\"FLEX-TITE PULL PLUG (CPP)\"}]},{\"@type\":\"WebSite\",\"@id\":\"https:\\\/\\\/pro-mask.com\\\/en\\\/#website\",\"url\":\"https:\\\/\\\/pro-mask.com\\\/en\\\/\",\"name\":\"PRO MASK PRODUCTS s.r.o.\",\"description\":\"Maskovac\u00ed materi\u00e1l a z\u00e1vesn\u00e9 h\u00e1ky pro pr\u016fmysl povrchov\u00fdch \u00faprav.\",\"publisher\":{\"@id\":\"https:\\\/\\\/pro-mask.com\\\/en\\\/#organization\"},\"potentialAction\":[{\"@type\":\"SearchAction\",\"target\":{\"@type\":\"EntryPoint\",\"urlTemplate\":\"https:\\\/\\\/pro-mask.com\\\/en\\\/?s={search_term_string}\"},\"query-input\":{\"@type\":\"PropertyValueSpecification\",\"valueRequired\":true,\"valueName\":\"search_term_string\"}}],\"inLanguage\":\"en-US\"},{\"@type\":\"Organization\",\"@id\":\"https:\\\/\\\/pro-mask.com\\\/en\\\/#organization\",\"name\":\"Pro Mask Products s.r.o.\",\"url\":\"https:\\\/\\\/pro-mask.com\\\/en\\\/\",\"logo\":{\"@type\":\"ImageObject\",\"inLanguage\":\"en-US\",\"@id\":\"https:\\\/\\\/pro-mask.com\\\/en\\\/#\\\/schema\\\/logo\\\/image\\\/\",\"url\":\"https:\\\/\\\/pro-mask.com\\\/wp-content\\\/uploads\\\/2021\\\/12\\\/header-banner.jpg\",\"contentUrl\":\"https:\\\/\\\/pro-mask.com\\\/wp-content\\\/uploads\\\/2021\\\/12\\\/header-banner.jpg\",\"width\":1650,\"height\":947,\"caption\":\"Pro Mask Products s.r.o.\"},\"image\":{\"@id\":\"https:\\\/\\\/pro-mask.com\\\/en\\\/#\\\/schema\\\/logo\\\/image\\\/\"}}]}<\/script>\n<!-- \/ Yoast SEO plugin. -->","yoast_head_json":{"title":"FLEX-TITE PULL PLUG - T\u011bsn\u00edc\u00ed pr\u016fvle\u010dn\u00e9 z\u00e1tky - PRO MASK PRODUCTS s.r.o.","description":"\u2022 Material - SILICONE (made in China)\u2022 Thermal load - long withstand temperatures up to 210\u00b0C\u00a0\u00a0\u00a0\u00a0\u00a0\u00a0\u00a0\u00a0\u00a0\u00a0\u00a0\u00a0\u00a0\u00a0\u00a0\u00a0\u00a0\u00a0\u00a0\u00a0\u00a0\u00a0\u00a0 - briefly up to 315\u00b0C\u2022 Particularly suitable for masking long holes\u2022 Best way to mask 82\u00b0, 90\u00b0, 100\u00b0 countersink holes\u2022 Crucial point first contact design ensures liquid tight seal\u2022 Re-usability\u2022 Suitable for powder coating, electroplating, anodizing, etc.","robots":{"index":"index","follow":"follow","max-snippet":"max-snippet:-1","max-image-preview":"max-image-preview:large","max-video-preview":"max-video-preview:-1"},"canonical":"https:\/\/pro-mask.com\/en\/products\/masking-for-hole\/standard-silicone-cn-en\/flex-tite-pull-plug\/","og_locale":"en_US","og_type":"article","og_title":"FLEX-TITE PULL PLUG - T\u011bsn\u00edc\u00ed pr\u016fvle\u010dn\u00e9 z\u00e1tky - PRO MASK PRODUCTS s.r.o.","og_description":"\u2022 Material - SILICONE (made in China)\u2022 Thermal load - long withstand temperatures up to 210\u00b0C\u00a0\u00a0\u00a0\u00a0\u00a0\u00a0\u00a0\u00a0\u00a0\u00a0\u00a0\u00a0\u00a0\u00a0\u00a0\u00a0\u00a0\u00a0\u00a0\u00a0\u00a0\u00a0\u00a0 - briefly up to 315\u00b0C\u2022 Particularly suitable for masking long holes\u2022 Best way to mask 82\u00b0, 90\u00b0, 100\u00b0 countersink holes\u2022 Crucial point first contact design ensures liquid tight seal\u2022 Re-usability\u2022 Suitable for powder coating, electroplating, anodizing, etc.PRO MASK PRODUCTS s.r.o. - Maskovac\u00ed krytky, z\u00e1tky, p\u00e1sky, z\u00e1v\u011bsov\u00e1 technika - t\u011bsn\u00edc\u00ed pr\u016fvle\u010dn\u00e9 z\u00e1tkyP\u0159\u00edm\u00fd dovozce a zpracovatel maskovac\u00edch prost\u0159edk\u016f pro povrchov\u00e9 \u00fapravy.","og_url":"https:\/\/pro-mask.com\/en\/products\/masking-for-hole\/standard-silicone-cn-en\/flex-tite-pull-plug\/","og_site_name":"PRO MASK PRODUCTS s.r.o.","article_modified_time":"2022-05-09T13:49:49+00:00","og_image":[{"width":1793,"height":1793,"url":"https:\/\/pro-mask.com\/wp-content\/uploads\/2021\/11\/TE\u030cSNI\u0301CI\u0301-PRU\u030aVLEC\u030cNE\u0301-ZA\u0301TKY_CPP_1.jpg","type":"image\/jpeg"}],"twitter_card":"summary_large_image","twitter_description":"\u2022 Material - SILICONE (made in China)\u2022 Thermal load - long withstand temperatures up to 210\u00b0C\u00a0\u00a0\u00a0\u00a0\u00a0\u00a0\u00a0\u00a0\u00a0\u00a0\u00a0\u00a0\u00a0\u00a0\u00a0\u00a0\u00a0\u00a0\u00a0\u00a0\u00a0\u00a0\u00a0 - briefly up to 315\u00b0C\u2022 Particularly suitable for masking long holes\u2022 Best way to mask 82\u00b0, 90\u00b0, 100\u00b0 countersink holes\u2022 Crucial point first contact design ensures liquid tight seal\u2022 Re-usability\u2022 Suitable for powder coating, electroplating, anodizing, etc.PRO MASK PRODUCTS s.r.o. - Maskovac\u00ed krytky, z\u00e1tky, p\u00e1sky, z\u00e1v\u011bsov\u00e1 technika - t\u011bsn\u00edc\u00ed pr\u016fvle\u010dn\u00e9 z\u00e1tkyP\u0159\u00edm\u00fd dovozce a zpracovatel maskovac\u00edch prost\u0159edk\u016f pro povrchov\u00e9 \u00fapravy.","schema":{"@context":"https:\/\/schema.org","@graph":[{"@type":["WebPage","ItemPage"],"@id":"https:\/\/pro-mask.com\/en\/products\/masking-for-hole\/standard-silicone-cn-en\/flex-tite-pull-plug\/","url":"https:\/\/pro-mask.com\/en\/products\/masking-for-hole\/standard-silicone-cn-en\/flex-tite-pull-plug\/","name":"FLEX-TITE PULL PLUG - T\u011bsn\u00edc\u00ed pr\u016fvle\u010dn\u00e9 z\u00e1tky - PRO MASK PRODUCTS s.r.o.","isPartOf":{"@id":"https:\/\/pro-mask.com\/en\/#website"},"primaryImageOfPage":{"@id":"https:\/\/pro-mask.com\/en\/products\/masking-for-hole\/standard-silicone-cn-en\/flex-tite-pull-plug\/#primaryimage"},"image":{"@id":"https:\/\/pro-mask.com\/en\/products\/masking-for-hole\/standard-silicone-cn-en\/flex-tite-pull-plug\/#primaryimage"},"thumbnailUrl":"https:\/\/pro-mask.com\/wp-content\/uploads\/2021\/11\/TE\u030cSNI\u0301CI\u0301-PRU\u030aVLEC\u030cNE\u0301-ZA\u0301TKY_CPP_1.jpg","datePublished":"2021-11-24T19:29:02+00:00","dateModified":"2022-05-09T13:49:49+00:00","description":"\u2022 Material - SILICONE (made in China)\u2022 Thermal load - long withstand temperatures up to 210\u00b0C\u00a0\u00a0\u00a0\u00a0\u00a0\u00a0\u00a0\u00a0\u00a0\u00a0\u00a0\u00a0\u00a0\u00a0\u00a0\u00a0\u00a0\u00a0\u00a0\u00a0\u00a0\u00a0\u00a0 - briefly up to 315\u00b0C\u2022 Particularly suitable for masking long holes\u2022 Best way to mask 82\u00b0, 90\u00b0, 100\u00b0 countersink holes\u2022 Crucial point first contact design ensures liquid tight seal\u2022 Re-usability\u2022 Suitable for powder coating, electroplating, anodizing, etc.","breadcrumb":{"@id":"https:\/\/pro-mask.com\/en\/products\/masking-for-hole\/standard-silicone-cn-en\/flex-tite-pull-plug\/#breadcrumb"},"inLanguage":"en-US","potentialAction":[{"@type":"ReadAction","target":["https:\/\/pro-mask.com\/en\/products\/masking-for-hole\/standard-silicone-cn-en\/flex-tite-pull-plug\/"]}]},{"@type":"ImageObject","inLanguage":"en-US","@id":"https:\/\/pro-mask.com\/en\/products\/masking-for-hole\/standard-silicone-cn-en\/flex-tite-pull-plug\/#primaryimage","url":"https:\/\/pro-mask.com\/wp-content\/uploads\/2021\/11\/TE\u030cSNI\u0301CI\u0301-PRU\u030aVLEC\u030cNE\u0301-ZA\u0301TKY_CPP_1.jpg","contentUrl":"https:\/\/pro-mask.com\/wp-content\/uploads\/2021\/11\/TE\u030cSNI\u0301CI\u0301-PRU\u030aVLEC\u030cNE\u0301-ZA\u0301TKY_CPP_1.jpg","width":1793,"height":1793},{"@type":"BreadcrumbList","@id":"https:\/\/pro-mask.com\/en\/products\/masking-for-hole\/standard-silicone-cn-en\/flex-tite-pull-plug\/#breadcrumb","itemListElement":[{"@type":"ListItem","position":1,"name":"Home","item":"https:\/\/pro-mask.com\/en\/"},{"@type":"ListItem","position":2,"name":"Shop","item":"https:\/\/pro-mask.com\/en\/shop\/"},{"@type":"ListItem","position":3,"name":"MASKING FOR HOLE","item":"https:\/\/pro-mask.com\/en\/product-category\/masking-for-hole\/"},{"@type":"ListItem","position":4,"name":"STANDARD silicone (CN)","item":"https:\/\/pro-mask.com\/en\/product-category\/masking-for-hole\/standard-silicone-cn-en\/"},{"@type":"ListItem","position":5,"name":"FLEX-TITE PULL PLUG (CPP)"}]},{"@type":"WebSite","@id":"https:\/\/pro-mask.com\/en\/#website","url":"https:\/\/pro-mask.com\/en\/","name":"PRO MASK PRODUCTS s.r.o.","description":"Maskovac\u00ed materi\u00e1l a z\u00e1vesn\u00e9 h\u00e1ky pro pr\u016fmysl povrchov\u00fdch \u00faprav.","publisher":{"@id":"https:\/\/pro-mask.com\/en\/#organization"},"potentialAction":[{"@type":"SearchAction","target":{"@type":"EntryPoint","urlTemplate":"https:\/\/pro-mask.com\/en\/?s={search_term_string}"},"query-input":{"@type":"PropertyValueSpecification","valueRequired":true,"valueName":"search_term_string"}}],"inLanguage":"en-US"},{"@type":"Organization","@id":"https:\/\/pro-mask.com\/en\/#organization","name":"Pro Mask Products s.r.o.","url":"https:\/\/pro-mask.com\/en\/","logo":{"@type":"ImageObject","inLanguage":"en-US","@id":"https:\/\/pro-mask.com\/en\/#\/schema\/logo\/image\/","url":"https:\/\/pro-mask.com\/wp-content\/uploads\/2021\/12\/header-banner.jpg","contentUrl":"https:\/\/pro-mask.com\/wp-content\/uploads\/2021\/12\/header-banner.jpg","width":1650,"height":947,"caption":"Pro Mask Products s.r.o."},"image":{"@id":"https:\/\/pro-mask.com\/en\/#\/schema\/logo\/image\/"}}]}},"_links":{"self":[{"href":"https:\/\/pro-mask.com\/en\/wp-json\/wp\/v2\/product\/3020","targetHints":{"allow":["GET"]}}],"collection":[{"href":"https:\/\/pro-mask.com\/en\/wp-json\/wp\/v2\/product"}],"about":[{"href":"https:\/\/pro-mask.com\/en\/wp-json\/wp\/v2\/types\/product"}],"replies":[{"embeddable":true,"href":"https:\/\/pro-mask.com\/en\/wp-json\/wp\/v2\/comments?post=3020"}],"version-history":[{"count":0,"href":"https:\/\/pro-mask.com\/en\/wp-json\/wp\/v2\/product\/3020\/revisions"}],"wp:featuredmedia":[{"embeddable":true,"href":"https:\/\/pro-mask.com\/en\/wp-json\/wp\/v2\/media\/3533"}],"wp:attachment":[{"href":"https:\/\/pro-mask.com\/en\/wp-json\/wp\/v2\/media?parent=3020"}],"wp:term":[{"taxonomy":"product_brand","embeddable":true,"href":"https:\/\/pro-mask.com\/en\/wp-json\/wp\/v2\/product_brand?post=3020"},{"taxonomy":"product_cat","embeddable":true,"href":"https:\/\/pro-mask.com\/en\/wp-json\/wp\/v2\/product_cat?post=3020"},{"taxonomy":"product_tag","embeddable":true,"href":"https:\/\/pro-mask.com\/en\/wp-json\/wp\/v2\/product_tag?post=3020"}],"curies":[{"name":"wp","href":"https:\/\/api.w.org\/{rel}","templated":true}]}}