{"id":2936,"date":"2021-11-24T20:21:31","date_gmt":"2021-11-24T19:28:13","guid":{"rendered":"http:\/\/pro-mask.com\/shop\/uncategorized\/protective-net-tubing\/"},"modified":"2022-08-02T13:33:53","modified_gmt":"2022-08-02T11:33:53","slug":"protective-net-tubing","status":"publish","type":"product","link":"https:\/\/pro-mask.com\/en\/products\/accessories\/protective-net-tubing\/","title":{"rendered":"PROTECTIVE NET TUBING (NT)"},"content":{"rendered":"<p><strong>In case you don't find requested sizes, do not hasitate to <a href=\"https:\/\/pro-mask.com\/en\/contact-us\/\">contact us<\/a>.<\/strong><\/p>\n<style type=\"text\/css\">\n.tableizer-table {font-family: Arial, Helvetica, sans-serif; font-size: 11px;}\n.tableizer-table td {padding: 3px 25px 3px 25px; border: 1px solid #fff; background-color: #ddd; color: #000; text-align: center;}\n.tableizer-table th {text-align:center;padding: 3px 25px 3px 25px; border: 1px solid #fff; background-color: #ebbc06; color: #fff; font-weight: bold;}\ntd:first-child {text-align: left; background-color: #ccc7c2; font-weight: bold;}\nth:first-child {text-align: left;}\n<\/style>\n<table class=\"tableizer-table\">\n<tbody>\n<tr class=\"tableizer-firstrow\">\n<th>PART NO.<\/th>\n<th>SUITABLE FOR \u00d8 (mm)<\/th>\n<\/tr>\n<tr>\n<td>NT-7-12<\/td>\n<td>7 - 12<\/td>\n<\/tr>\n<tr>\n<td>NT-12-25<\/td>\n<td>12 - 25<\/td>\n<\/tr>\n<tr>\n<td>NT-25-45<\/td>\n<td>25 - 45<\/td>\n<\/tr>\n<tr>\n<td>NT-45-70<\/td>\n<td>45 - 70<\/td>\n<\/tr>\n<tr>\n<td>NT-70-120<\/td>\n<td>70 - 120<\/td>\n<\/tr>\n<\/tbody>\n<\/table>\n","protected":false},"excerpt":{"rendered":"<p>\u2022 Elastic net tubing for transport protection<br \/>\n\u2022 Easy to fit on and adapt to the shape of the product<\/p>\n","protected":false},"featured_media":3728,"comment_status":"closed","ping_status":"closed","template":"","meta":{"footnotes":""},"product_brand":[],"product_cat":[187],"product_tag":[],"class_list":{"0":"post-2936","1":"product","2":"type-product","3":"status-publish","4":"has-post-thumbnail","6":"product_cat-accessories","8":"first","9":"instock","10":"product-type-simple"},"yoast_head":"<!-- This site is optimized with the Yoast SEO plugin v27.4 - https:\/\/yoast.com\/product\/yoast-seo-wordpress\/ -->\n<title>PROTECTIVE NET TUBING - Ochrann\u00e1 s\u00ed\u0165 - PRO MASK PRODUCTS s.r.o.<\/title>\n<meta name=\"description\" content=\"\u2022 Elastic net tubing for transport protection\u2022 Easy to fit on and adapt to the shape of the product\" \/>\n<meta name=\"robots\" content=\"index, follow, max-snippet:-1, max-image-preview:large, max-video-preview:-1\" \/>\n<link rel=\"canonical\" href=\"https:\/\/pro-mask.com\/en\/products\/accessories\/protective-net-tubing\/\" \/>\n<meta property=\"og:locale\" content=\"en_US\" \/>\n<meta property=\"og:type\" content=\"article\" \/>\n<meta property=\"og:title\" content=\"PROTECTIVE NET TUBING - Ochrann\u00e1 s\u00ed\u0165 - PRO MASK PRODUCTS s.r.o.\" \/>\n<meta property=\"og:description\" content=\"\u2022 Elastic net tubing for transport protection\u2022 Easy to fit on and adapt to the shape of the productPRO MASK PRODUCTS s.r.o. - Maskovac\u00ed krytky, z\u00e1tky, p\u00e1sky, z\u00e1v\u011bsov\u00e1 technika - ochrann\u00e1 s\u00ed\u0165P\u0159\u00edm\u00fd dovozce a zpracovatel maskovac\u00edch prost\u0159edk\u016f pro povrchov\u00e9 \u00fapravy.\" \/>\n<meta property=\"og:url\" content=\"https:\/\/pro-mask.com\/en\/products\/accessories\/protective-net-tubing\/\" \/>\n<meta property=\"og:site_name\" content=\"PRO MASK PRODUCTS s.r.o.\" \/>\n<meta property=\"article:modified_time\" content=\"2022-08-02T11:33:53+00:00\" \/>\n<meta property=\"og:image\" content=\"https:\/\/pro-mask.com\/wp-content\/uploads\/2021\/11\/OCHRANNA\u0301-SI\u0301T\u030c_NT_2-scaled.jpg\" \/>\n\t<meta property=\"og:image:width\" content=\"2560\" \/>\n\t<meta property=\"og:image:height\" content=\"2560\" \/>\n\t<meta property=\"og:image:type\" content=\"image\/jpeg\" \/>\n<meta name=\"twitter:card\" content=\"summary_large_image\" \/>\n<meta name=\"twitter:description\" content=\"\u2022 Elastic net tubing for transport protection\u2022 Easy to fit on and adapt to the shape of the productPRO MASK PRODUCTS s.r.o. - Maskovac\u00ed krytky, z\u00e1tky, p\u00e1sky, z\u00e1v\u011bsov\u00e1 technika - ochrann\u00e1 s\u00ed\u0165P\u0159\u00edm\u00fd dovozce a zpracovatel maskovac\u00edch prost\u0159edk\u016f pro povrchov\u00e9 \u00fapravy.\" \/>\n<meta name=\"twitter:label1\" content=\"Est. reading time\" \/>\n\t<meta name=\"twitter:data1\" content=\"1 minute\" \/>\n<script type=\"application\/ld+json\" class=\"yoast-schema-graph\">{\"@context\":\"https:\\\/\\\/schema.org\",\"@graph\":[{\"@type\":[\"WebPage\",\"ItemPage\"],\"@id\":\"https:\\\/\\\/pro-mask.com\\\/en\\\/products\\\/accessories\\\/protective-net-tubing\\\/\",\"url\":\"https:\\\/\\\/pro-mask.com\\\/en\\\/products\\\/accessories\\\/protective-net-tubing\\\/\",\"name\":\"PROTECTIVE NET TUBING - Ochrann\u00e1 s\u00ed\u0165 - PRO MASK PRODUCTS s.r.o.\",\"isPartOf\":{\"@id\":\"https:\\\/\\\/pro-mask.com\\\/en\\\/#website\"},\"primaryImageOfPage\":{\"@id\":\"https:\\\/\\\/pro-mask.com\\\/en\\\/products\\\/accessories\\\/protective-net-tubing\\\/#primaryimage\"},\"image\":{\"@id\":\"https:\\\/\\\/pro-mask.com\\\/en\\\/products\\\/accessories\\\/protective-net-tubing\\\/#primaryimage\"},\"thumbnailUrl\":\"https:\\\/\\\/pro-mask.com\\\/wp-content\\\/uploads\\\/2021\\\/11\\\/OCHRANNA\u0301-SI\u0301T\u030c_NT_2-scaled.jpg\",\"datePublished\":\"2021-11-24T19:28:13+00:00\",\"dateModified\":\"2022-08-02T11:33:53+00:00\",\"description\":\"\u2022 Elastic net tubing for transport protection\u2022 Easy to fit on and adapt to the shape of the product\",\"breadcrumb\":{\"@id\":\"https:\\\/\\\/pro-mask.com\\\/en\\\/products\\\/accessories\\\/protective-net-tubing\\\/#breadcrumb\"},\"inLanguage\":\"en-US\",\"potentialAction\":[{\"@type\":\"ReadAction\",\"target\":[\"https:\\\/\\\/pro-mask.com\\\/en\\\/products\\\/accessories\\\/protective-net-tubing\\\/\"]}]},{\"@type\":\"ImageObject\",\"inLanguage\":\"en-US\",\"@id\":\"https:\\\/\\\/pro-mask.com\\\/en\\\/products\\\/accessories\\\/protective-net-tubing\\\/#primaryimage\",\"url\":\"https:\\\/\\\/pro-mask.com\\\/wp-content\\\/uploads\\\/2021\\\/11\\\/OCHRANNA\u0301-SI\u0301T\u030c_NT_2-scaled.jpg\",\"contentUrl\":\"https:\\\/\\\/pro-mask.com\\\/wp-content\\\/uploads\\\/2021\\\/11\\\/OCHRANNA\u0301-SI\u0301T\u030c_NT_2-scaled.jpg\",\"width\":2560,\"height\":2560},{\"@type\":\"BreadcrumbList\",\"@id\":\"https:\\\/\\\/pro-mask.com\\\/en\\\/products\\\/accessories\\\/protective-net-tubing\\\/#breadcrumb\",\"itemListElement\":[{\"@type\":\"ListItem\",\"position\":1,\"name\":\"Home\",\"item\":\"https:\\\/\\\/pro-mask.com\\\/en\\\/\"},{\"@type\":\"ListItem\",\"position\":2,\"name\":\"Shop\",\"item\":\"https:\\\/\\\/pro-mask.com\\\/en\\\/shop\\\/\"},{\"@type\":\"ListItem\",\"position\":3,\"name\":\"ACCESSORIES\",\"item\":\"https:\\\/\\\/pro-mask.com\\\/en\\\/product-category\\\/accessories\\\/\"},{\"@type\":\"ListItem\",\"position\":4,\"name\":\"PROTECTIVE NET TUBING (NT)\"}]},{\"@type\":\"WebSite\",\"@id\":\"https:\\\/\\\/pro-mask.com\\\/en\\\/#website\",\"url\":\"https:\\\/\\\/pro-mask.com\\\/en\\\/\",\"name\":\"PRO MASK PRODUCTS s.r.o.\",\"description\":\"Maskovac\u00ed materi\u00e1l a z\u00e1vesn\u00e9 h\u00e1ky pro pr\u016fmysl povrchov\u00fdch \u00faprav.\",\"publisher\":{\"@id\":\"https:\\\/\\\/pro-mask.com\\\/en\\\/#organization\"},\"potentialAction\":[{\"@type\":\"SearchAction\",\"target\":{\"@type\":\"EntryPoint\",\"urlTemplate\":\"https:\\\/\\\/pro-mask.com\\\/en\\\/?s={search_term_string}\"},\"query-input\":{\"@type\":\"PropertyValueSpecification\",\"valueRequired\":true,\"valueName\":\"search_term_string\"}}],\"inLanguage\":\"en-US\"},{\"@type\":\"Organization\",\"@id\":\"https:\\\/\\\/pro-mask.com\\\/en\\\/#organization\",\"name\":\"Pro Mask Products s.r.o.\",\"url\":\"https:\\\/\\\/pro-mask.com\\\/en\\\/\",\"logo\":{\"@type\":\"ImageObject\",\"inLanguage\":\"en-US\",\"@id\":\"https:\\\/\\\/pro-mask.com\\\/en\\\/#\\\/schema\\\/logo\\\/image\\\/\",\"url\":\"https:\\\/\\\/pro-mask.com\\\/wp-content\\\/uploads\\\/2021\\\/12\\\/header-banner.jpg\",\"contentUrl\":\"https:\\\/\\\/pro-mask.com\\\/wp-content\\\/uploads\\\/2021\\\/12\\\/header-banner.jpg\",\"width\":1650,\"height\":947,\"caption\":\"Pro Mask Products s.r.o.\"},\"image\":{\"@id\":\"https:\\\/\\\/pro-mask.com\\\/en\\\/#\\\/schema\\\/logo\\\/image\\\/\"}}]}<\/script>\n<!-- \/ Yoast SEO plugin. -->","yoast_head_json":{"title":"PROTECTIVE NET TUBING - Ochrann\u00e1 s\u00ed\u0165 - PRO MASK PRODUCTS s.r.o.","description":"\u2022 Elastic net tubing for transport protection\u2022 Easy to fit on and adapt to the shape of the product","robots":{"index":"index","follow":"follow","max-snippet":"max-snippet:-1","max-image-preview":"max-image-preview:large","max-video-preview":"max-video-preview:-1"},"canonical":"https:\/\/pro-mask.com\/en\/products\/accessories\/protective-net-tubing\/","og_locale":"en_US","og_type":"article","og_title":"PROTECTIVE NET TUBING - Ochrann\u00e1 s\u00ed\u0165 - PRO MASK PRODUCTS s.r.o.","og_description":"\u2022 Elastic net tubing for transport protection\u2022 Easy to fit on and adapt to the shape of the productPRO MASK PRODUCTS s.r.o. - Maskovac\u00ed krytky, z\u00e1tky, p\u00e1sky, z\u00e1v\u011bsov\u00e1 technika - ochrann\u00e1 s\u00ed\u0165P\u0159\u00edm\u00fd dovozce a zpracovatel maskovac\u00edch prost\u0159edk\u016f pro povrchov\u00e9 \u00fapravy.","og_url":"https:\/\/pro-mask.com\/en\/products\/accessories\/protective-net-tubing\/","og_site_name":"PRO MASK PRODUCTS s.r.o.","article_modified_time":"2022-08-02T11:33:53+00:00","og_image":[{"width":2560,"height":2560,"url":"https:\/\/pro-mask.com\/wp-content\/uploads\/2021\/11\/OCHRANNA\u0301-SI\u0301T\u030c_NT_2-scaled.jpg","type":"image\/jpeg"}],"twitter_card":"summary_large_image","twitter_description":"\u2022 Elastic net tubing for transport protection\u2022 Easy to fit on and adapt to the shape of the productPRO MASK PRODUCTS s.r.o. - Maskovac\u00ed krytky, z\u00e1tky, p\u00e1sky, z\u00e1v\u011bsov\u00e1 technika - ochrann\u00e1 s\u00ed\u0165P\u0159\u00edm\u00fd dovozce a zpracovatel maskovac\u00edch prost\u0159edk\u016f pro povrchov\u00e9 \u00fapravy.","twitter_misc":{"Est. reading time":"1 minute"},"schema":{"@context":"https:\/\/schema.org","@graph":[{"@type":["WebPage","ItemPage"],"@id":"https:\/\/pro-mask.com\/en\/products\/accessories\/protective-net-tubing\/","url":"https:\/\/pro-mask.com\/en\/products\/accessories\/protective-net-tubing\/","name":"PROTECTIVE NET TUBING - Ochrann\u00e1 s\u00ed\u0165 - PRO MASK PRODUCTS s.r.o.","isPartOf":{"@id":"https:\/\/pro-mask.com\/en\/#website"},"primaryImageOfPage":{"@id":"https:\/\/pro-mask.com\/en\/products\/accessories\/protective-net-tubing\/#primaryimage"},"image":{"@id":"https:\/\/pro-mask.com\/en\/products\/accessories\/protective-net-tubing\/#primaryimage"},"thumbnailUrl":"https:\/\/pro-mask.com\/wp-content\/uploads\/2021\/11\/OCHRANNA\u0301-SI\u0301T\u030c_NT_2-scaled.jpg","datePublished":"2021-11-24T19:28:13+00:00","dateModified":"2022-08-02T11:33:53+00:00","description":"\u2022 Elastic net tubing for transport protection\u2022 Easy to fit on and adapt to the shape of the product","breadcrumb":{"@id":"https:\/\/pro-mask.com\/en\/products\/accessories\/protective-net-tubing\/#breadcrumb"},"inLanguage":"en-US","potentialAction":[{"@type":"ReadAction","target":["https:\/\/pro-mask.com\/en\/products\/accessories\/protective-net-tubing\/"]}]},{"@type":"ImageObject","inLanguage":"en-US","@id":"https:\/\/pro-mask.com\/en\/products\/accessories\/protective-net-tubing\/#primaryimage","url":"https:\/\/pro-mask.com\/wp-content\/uploads\/2021\/11\/OCHRANNA\u0301-SI\u0301T\u030c_NT_2-scaled.jpg","contentUrl":"https:\/\/pro-mask.com\/wp-content\/uploads\/2021\/11\/OCHRANNA\u0301-SI\u0301T\u030c_NT_2-scaled.jpg","width":2560,"height":2560},{"@type":"BreadcrumbList","@id":"https:\/\/pro-mask.com\/en\/products\/accessories\/protective-net-tubing\/#breadcrumb","itemListElement":[{"@type":"ListItem","position":1,"name":"Home","item":"https:\/\/pro-mask.com\/en\/"},{"@type":"ListItem","position":2,"name":"Shop","item":"https:\/\/pro-mask.com\/en\/shop\/"},{"@type":"ListItem","position":3,"name":"ACCESSORIES","item":"https:\/\/pro-mask.com\/en\/product-category\/accessories\/"},{"@type":"ListItem","position":4,"name":"PROTECTIVE NET TUBING (NT)"}]},{"@type":"WebSite","@id":"https:\/\/pro-mask.com\/en\/#website","url":"https:\/\/pro-mask.com\/en\/","name":"PRO MASK PRODUCTS s.r.o.","description":"Maskovac\u00ed materi\u00e1l a z\u00e1vesn\u00e9 h\u00e1ky pro pr\u016fmysl povrchov\u00fdch \u00faprav.","publisher":{"@id":"https:\/\/pro-mask.com\/en\/#organization"},"potentialAction":[{"@type":"SearchAction","target":{"@type":"EntryPoint","urlTemplate":"https:\/\/pro-mask.com\/en\/?s={search_term_string}"},"query-input":{"@type":"PropertyValueSpecification","valueRequired":true,"valueName":"search_term_string"}}],"inLanguage":"en-US"},{"@type":"Organization","@id":"https:\/\/pro-mask.com\/en\/#organization","name":"Pro Mask Products s.r.o.","url":"https:\/\/pro-mask.com\/en\/","logo":{"@type":"ImageObject","inLanguage":"en-US","@id":"https:\/\/pro-mask.com\/en\/#\/schema\/logo\/image\/","url":"https:\/\/pro-mask.com\/wp-content\/uploads\/2021\/12\/header-banner.jpg","contentUrl":"https:\/\/pro-mask.com\/wp-content\/uploads\/2021\/12\/header-banner.jpg","width":1650,"height":947,"caption":"Pro Mask Products s.r.o."},"image":{"@id":"https:\/\/pro-mask.com\/en\/#\/schema\/logo\/image\/"}}]}},"_links":{"self":[{"href":"https:\/\/pro-mask.com\/en\/wp-json\/wp\/v2\/product\/2936","targetHints":{"allow":["GET"]}}],"collection":[{"href":"https:\/\/pro-mask.com\/en\/wp-json\/wp\/v2\/product"}],"about":[{"href":"https:\/\/pro-mask.com\/en\/wp-json\/wp\/v2\/types\/product"}],"replies":[{"embeddable":true,"href":"https:\/\/pro-mask.com\/en\/wp-json\/wp\/v2\/comments?post=2936"}],"version-history":[{"count":0,"href":"https:\/\/pro-mask.com\/en\/wp-json\/wp\/v2\/product\/2936\/revisions"}],"wp:featuredmedia":[{"embeddable":true,"href":"https:\/\/pro-mask.com\/en\/wp-json\/wp\/v2\/media\/3728"}],"wp:attachment":[{"href":"https:\/\/pro-mask.com\/en\/wp-json\/wp\/v2\/media?parent=2936"}],"wp:term":[{"taxonomy":"product_brand","embeddable":true,"href":"https:\/\/pro-mask.com\/en\/wp-json\/wp\/v2\/product_brand?post=2936"},{"taxonomy":"product_cat","embeddable":true,"href":"https:\/\/pro-mask.com\/en\/wp-json\/wp\/v2\/product_cat?post=2936"},{"taxonomy":"product_tag","embeddable":true,"href":"https:\/\/pro-mask.com\/en\/wp-json\/wp\/v2\/product_tag?post=2936"}],"curies":[{"name":"wp","href":"https:\/\/api.w.org\/{rel}","templated":true}]}}