{"id":4870,"date":"2022-04-21T08:26:37","date_gmt":"2022-04-21T06:26:37","guid":{"rendered":"http:\/\/pro-mask.com\/souhlas-se-zpracovanim-osobnich-udaju\/"},"modified":"2022-06-13T21:08:26","modified_gmt":"2022-06-13T19:08:26","slug":"consent-to-the-processing-of-personal-data","status":"publish","type":"page","link":"https:\/\/pro-mask.com\/en\/consent-to-the-processing-of-personal-data\/","title":{"rendered":"Consent to the processing of personal data"},"content":{"rendered":"<div class=\"wpb-content-wrapper\"><p>[vc_row][vc_column][vc_empty_space height=\"60px\"][\/vc_column][\/vc_row][vc_row][vc_column][vc_empty_space height=\"60px\"][vc_column_text]<\/p>\n<h1 class=\"page-title \">Consent to the processing of personal data<\/h1>\n<p>[\/vc_column_text][\/vc_column][\/vc_row][vc_row][vc_column][vc_column_text css=\".vc_custom_1655147229473{margin-bottom: 0px !important;}\"]1. You hereby grant the consent of PRO MASK PRODUCTS s.r.o., se s\u00eddlem \u010cesk\u00e9 Bud\u011bjovice 4, Rudolfovsk\u00e1 t\u0159. 476\/111, Postal Code 37001, Company Identification Number: 281 59 047, entered in the public register kept at the Regional Court in \u010cesk\u00e9 Bud\u011bjovice, Section C, file 21024 (hereinafter referred to as \u201eAdministrator\u201c),<\/p>\n<p>Within the meaning of Regulation (EU) No 2016\/679 of the European Parliament and of the Council on the protection of individuals with regard to the processing of personal data and on the free movement of such data and repealing Directive 95\/46\/ES (General Data Protection Regulation) (hereinafter referred to as the Regulation) processed the following personal data:<\/p>\n<p>\u2022 name and surname<br \/>\n\u2022 Company name<br \/>\n\u2022 e-mail<br \/>\n\u2022 telephone number<br \/>\n\u2022 company name and address<\/p>\n<p>2. Name, surname, company name, telephone number and e-mail can be processed on the basis of your consent and must be processed in order to process your request. This data will be processed by the Administrator for a period of 3 years.<\/p>\n<p>3. In the case of cookies: The administrator collects the following cookies on its website:[\/vc_column_text][vc_empty_space][vc_column_text css=\".vc_custom_1655147296529{margin-bottom: 0px !important;}\"]\n<table id=\"tablepress-2\" class=\"tablepress tablepress-id-2\">\n<thead>\n<tr class=\"row-1\">\n\t<th class=\"column-1\">Category<\/th><th class=\"column-2\">Title<\/th><th class=\"column-3\">What is it used for<\/th><th class=\"column-4\">After what time they will be removed<\/th><th class=\"column-5\">When they work<\/th>\n<\/tr>\n<\/thead>\n<tbody class=\"row-hover\">\n<tr class=\"row-2\">\n\t<td class=\"column-1\">Technical<\/td><td class=\"column-2\">cookieconsent_status<\/td><td class=\"column-3\">Consent to the use of cookies<\/td><td class=\"column-4\">1 year<\/td><td class=\"column-5\">Always<\/td>\n<\/tr>\n<tr class=\"row-3\">\n\t<td class=\"column-1\">Technical<\/td><td class=\"column-2\">cookieconsent_status_tech<\/td><td class=\"column-3\">Consent to the use of cookies<\/td><td class=\"column-4\">1 year<\/td><td class=\"column-5\">Always<\/td>\n<\/tr>\n<tr class=\"row-4\">\n\t<td class=\"column-1\">Technical<\/td><td class=\"column-2\">cookieconsent_status_marketing<\/td><td class=\"column-3\">Consent to the use of cookies<\/td><td class=\"column-4\">1 year<\/td><td class=\"column-5\">Always<\/td>\n<\/tr>\n<tr class=\"row-5\">\n\t<td class=\"column-1\">Technical<\/td><td class=\"column-2\">cookieconsent_status_analytics<\/td><td class=\"column-3\">Consent to the use of cookies<\/td><td class=\"column-4\">1 year<\/td><td class=\"column-5\">Always<\/td>\n<\/tr>\n<tr class=\"row-6\">\n\t<td class=\"column-1\">Technical<\/td><td class=\"column-2\">wp-wpml_current_language<\/td><td class=\"column-3\">Stores the current language<\/td><td class=\"column-4\">session<\/td><td class=\"column-5\">Always<\/td>\n<\/tr>\n<tr class=\"row-7\">\n\t<td class=\"column-1\">Technical<\/td><td class=\"column-2\">_GRECAPTCHA<\/td><td class=\"column-3\">Google ReCaptcha - provides SPAM protection<\/td><td class=\"column-4\">1 year<\/td><td class=\"column-5\">Always<\/td>\n<\/tr>\n<tr class=\"row-8\">\n\t<td class=\"column-1\">Analytics<\/td><td class=\"column-2\">1P_JAR<\/td><td class=\"column-3\">Google - These cookies are used to collect site statistics and track conversion rates. <\/td><td class=\"column-4\">1 month<\/td><td class=\"column-5\">With consent<\/td>\n<\/tr>\n<tr class=\"row-9\">\n\t<td class=\"column-1\">Marketing<\/td><td class=\"column-2\">ANID<\/td><td class=\"column-3\">Google - Retargeting and displaying ads correctly on non-Google sites.<\/td><td class=\"column-4\">3 months<\/td><td class=\"column-5\">With consent<\/td>\n<\/tr>\n<tr class=\"row-10\">\n\t<td class=\"column-1\">Analytics<\/td><td class=\"column-2\">CONSENT<\/td><td class=\"column-3\">Google - A cookie used to identify your session.<\/td><td class=\"column-4\">2 years<\/td><td class=\"column-5\">With consent<\/td>\n<\/tr>\n<tr class=\"row-11\">\n\t<td class=\"column-1\">Marketing<\/td><td class=\"column-2\">DV<\/td><td class=\"column-3\">These cookies are used for targeted advertising purposes.<\/td><td class=\"column-4\">1 day<\/td><td class=\"column-5\">With consent<\/td>\n<\/tr>\n<tr class=\"row-12\">\n\t<td class=\"column-1\">Marketing<\/td><td class=\"column-2\">NID, SNID<\/td><td class=\"column-3\">Used to display Google ads on Google for unregistered users.<\/td><td class=\"column-4\">6 months<\/td><td class=\"column-5\">With consent<\/td>\n<\/tr>\n<tr class=\"row-13\">\n\t<td class=\"column-1\">Analytics<\/td><td class=\"column-2\">_gat_gtag_UA_<\/td><td class=\"column-3\">Google Analytics \u2013 web visit tracking<\/td><td class=\"column-4\">1 minute<\/td><td class=\"column-5\">With consent<\/td>\n<\/tr>\n<tr class=\"row-14\">\n\t<td class=\"column-1\">Analytics<\/td><td class=\"column-2\">_gat_UA-<\/td><td class=\"column-3\">Google Analytics \u2013 web visit tracking<\/td><td class=\"column-4\">1 minute<\/td><td class=\"column-5\">With consent<\/td>\n<\/tr>\n<tr class=\"row-15\">\n\t<td class=\"column-1\">Analytics<\/td><td class=\"column-2\">_ga<\/td><td class=\"column-3\">This cookie registers a unique ID that is used to generate statistics about how visitors use the site. The main purpose of this cookie is performance. <\/td><td class=\"column-4\">2 years<\/td><td class=\"column-5\">With consent<\/td>\n<\/tr>\n<tr class=\"row-16\">\n\t<td class=\"column-1\">Analytics<\/td><td class=\"column-2\">_gid<\/td><td class=\"column-3\">Google Analytics \u2013 web visit tracking<\/td><td class=\"column-4\">1 day<\/td><td class=\"column-5\">With consent<\/td>\n<\/tr>\n<tr class=\"row-17\">\n\t<td class=\"column-1\">Analytics<\/td><td class=\"column-2\">_gali<\/td><td class=\"column-3\">These cookies are used to collect information about how visitors use our website. We use the information to compile reports and to help us improve the website. The cookies collect information in a way that does not directly identify anyone, including the number of visitors to the website and blog, where visitors have come to the website from and the pages they visited.<\/td><td class=\"column-4\">30 seconds<\/td><td class=\"column-5\">With consent<\/td>\n<\/tr>\n<tr class=\"row-18\">\n\t<td class=\"column-1\">Analytics<\/td><td class=\"column-2\">AEC<\/td><td class=\"column-3\">.google.com<\/td><td class=\"column-4\">6 month<\/td><td class=\"column-5\">With consent<\/td>\n<\/tr>\n<\/tbody>\n<\/table>\n<!-- #tablepress-2 from cache -->[\/vc_column_text][vc_empty_space][vc_column_text css=\".vc_custom_1655147285972{margin-bottom: 0px !important;}\"]4. You give your express consent to the above processing. The provision of personal data is voluntary. The consent can be withdrawn at any time, for example by sending an email or a letter to the contact details of PRO MASK PRODUCTS s.r.o., \u010cesk\u00e9 Bud\u011bjovice 4, Rudolfovsk\u00e1 t\u0159. 476\/111, Postal Code 37001<\/p>\n<p>5. The processing of personal data is performed by the Administrator, however, the following processors may also process personal data for the Administrator:<br \/>\na. Other providers of processing software, services and applications, which are not currently used by the company.<\/p>\n<p>6. Please note that under the Regulation you have the right to:<br \/>\n\u2022 withdraw consent at any time,<br \/>\n\u2022 request information from us about your personal data, request a copy of this data,<br \/>\n\u2022 request access to this data from us and have it updated or corrected, or request processing restrictions,<br \/>\n\u2022 request the deletion of this personal data from us,<br \/>\n\u2022 data portability,<br \/>\n\u2022 file a complaint with the Office for Personal Data Protection or go to court.[\/vc_column_text][\/vc_column][\/vc_row][vc_row][vc_column][vc_empty_space height=\"60px\"][\/vc_column][\/vc_row]<\/p>\n<\/div>","protected":false},"excerpt":{"rendered":"<p>[vc_row][vc_column][vc_empty_space height=\"60px\"][\/vc_column][\/vc_row][vc_row][vc_column][vc_empty_space height=\"60px\"][vc_column_text] Consent to the processing of personal data [\/vc_column_text][\/vc_column][\/vc_row][vc_row][vc_column][vc_column_text css=\".vc_custom_1655147229473{margin-bottom: 0px !important;}\"]1. You hereby grant the consent of PRO MASK PRODUCTS s.r.o., se s\u00eddlem \u010cesk\u00e9 Bud\u011bjovice 4, Rudolfovsk\u00e1 t\u0159. 476\/111, Postal Code 37001, Company Identification Number: 281 59 047, entered in the public register kept at the Regional Court in \u010cesk\u00e9 Bud\u011bjovice, Section [&hellip;]<\/p>\n","protected":false},"author":2,"featured_media":0,"parent":0,"menu_order":0,"comment_status":"closed","ping_status":"closed","template":"","meta":{"footnotes":""},"class_list":["post-4870","page","type-page","status-publish","hentry"],"yoast_head":"<!-- This site is optimized with the Yoast SEO plugin v27.4 - https:\/\/yoast.com\/product\/yoast-seo-wordpress\/ -->\n<title>Consent to the processing of personal data - PRO MASK PRODUCTS s.r.o.<\/title>\n<meta name=\"robots\" content=\"index, follow, max-snippet:-1, max-image-preview:large, max-video-preview:-1\" \/>\n<link rel=\"canonical\" href=\"https:\/\/pro-mask.com\/en\/consent-to-the-processing-of-personal-data\/\" \/>\n<meta property=\"og:locale\" content=\"en_US\" \/>\n<meta property=\"og:type\" content=\"article\" \/>\n<meta property=\"og:title\" content=\"Consent to the processing of personal data - PRO MASK PRODUCTS s.r.o.\" \/>\n<meta property=\"og:description\" content=\"[vc_row][vc_column][vc_empty_space height=&quot;60px&quot;][\/vc_column][\/vc_row][vc_row][vc_column][vc_empty_space height=&quot;60px&quot;][vc_column_text] Consent to the processing of personal data [\/vc_column_text][\/vc_column][\/vc_row][vc_row][vc_column][vc_column_text css=&quot;.vc_custom_1655147229473{margin-bottom: 0px !important;}&quot;]1. You hereby grant the consent of PRO MASK PRODUCTS s.r.o., se s\u00eddlem \u010cesk\u00e9 Bud\u011bjovice 4, Rudolfovsk\u00e1 t\u0159. 476\/111, Postal Code 37001, Company Identification Number: 281 59 047, entered in the public register kept at the Regional Court in \u010cesk\u00e9 Bud\u011bjovice, Section [&hellip;]\" \/>\n<meta property=\"og:url\" content=\"https:\/\/pro-mask.com\/en\/consent-to-the-processing-of-personal-data\/\" \/>\n<meta property=\"og:site_name\" content=\"PRO MASK PRODUCTS s.r.o.\" \/>\n<meta property=\"article:modified_time\" content=\"2022-06-13T19:08:26+00:00\" \/>\n<meta property=\"og:image\" content=\"https:\/\/pro-mask.com\/wp-content\/uploads\/2021\/12\/header-banner.jpg\" \/>\n\t<meta property=\"og:image:width\" content=\"1650\" \/>\n\t<meta property=\"og:image:height\" content=\"947\" \/>\n\t<meta property=\"og:image:type\" content=\"image\/jpeg\" \/>\n<meta name=\"twitter:card\" content=\"summary_large_image\" \/>\n<meta name=\"twitter:label1\" content=\"Est. reading time\" \/>\n\t<meta name=\"twitter:data1\" content=\"3 minutes\" \/>\n<script type=\"application\/ld+json\" class=\"yoast-schema-graph\">{\"@context\":\"https:\\\/\\\/schema.org\",\"@graph\":[{\"@type\":\"WebPage\",\"@id\":\"https:\\\/\\\/pro-mask.com\\\/en\\\/consent-to-the-processing-of-personal-data\\\/\",\"url\":\"https:\\\/\\\/pro-mask.com\\\/en\\\/consent-to-the-processing-of-personal-data\\\/\",\"name\":\"Consent to the processing of personal data - PRO MASK PRODUCTS s.r.o.\",\"isPartOf\":{\"@id\":\"https:\\\/\\\/pro-mask.com\\\/en\\\/#website\"},\"datePublished\":\"2022-04-21T06:26:37+00:00\",\"dateModified\":\"2022-06-13T19:08:26+00:00\",\"breadcrumb\":{\"@id\":\"https:\\\/\\\/pro-mask.com\\\/en\\\/consent-to-the-processing-of-personal-data\\\/#breadcrumb\"},\"inLanguage\":\"en-US\",\"potentialAction\":[{\"@type\":\"ReadAction\",\"target\":[\"https:\\\/\\\/pro-mask.com\\\/en\\\/consent-to-the-processing-of-personal-data\\\/\"]}]},{\"@type\":\"BreadcrumbList\",\"@id\":\"https:\\\/\\\/pro-mask.com\\\/en\\\/consent-to-the-processing-of-personal-data\\\/#breadcrumb\",\"itemListElement\":[{\"@type\":\"ListItem\",\"position\":1,\"name\":\"Home\",\"item\":\"https:\\\/\\\/pro-mask.com\\\/en\\\/\"},{\"@type\":\"ListItem\",\"position\":2,\"name\":\"Consent to the processing of personal data\"}]},{\"@type\":\"WebSite\",\"@id\":\"https:\\\/\\\/pro-mask.com\\\/en\\\/#website\",\"url\":\"https:\\\/\\\/pro-mask.com\\\/en\\\/\",\"name\":\"PRO MASK PRODUCTS s.r.o.\",\"description\":\"Maskovac\u00ed materi\u00e1l a z\u00e1vesn\u00e9 h\u00e1ky pro pr\u016fmysl povrchov\u00fdch \u00faprav.\",\"publisher\":{\"@id\":\"https:\\\/\\\/pro-mask.com\\\/en\\\/#organization\"},\"potentialAction\":[{\"@type\":\"SearchAction\",\"target\":{\"@type\":\"EntryPoint\",\"urlTemplate\":\"https:\\\/\\\/pro-mask.com\\\/en\\\/?s={search_term_string}\"},\"query-input\":{\"@type\":\"PropertyValueSpecification\",\"valueRequired\":true,\"valueName\":\"search_term_string\"}}],\"inLanguage\":\"en-US\"},{\"@type\":\"Organization\",\"@id\":\"https:\\\/\\\/pro-mask.com\\\/en\\\/#organization\",\"name\":\"Pro Mask Products s.r.o.\",\"url\":\"https:\\\/\\\/pro-mask.com\\\/en\\\/\",\"logo\":{\"@type\":\"ImageObject\",\"inLanguage\":\"en-US\",\"@id\":\"https:\\\/\\\/pro-mask.com\\\/en\\\/#\\\/schema\\\/logo\\\/image\\\/\",\"url\":\"https:\\\/\\\/pro-mask.com\\\/wp-content\\\/uploads\\\/2021\\\/12\\\/header-banner.jpg\",\"contentUrl\":\"https:\\\/\\\/pro-mask.com\\\/wp-content\\\/uploads\\\/2021\\\/12\\\/header-banner.jpg\",\"width\":1650,\"height\":947,\"caption\":\"Pro Mask Products s.r.o.\"},\"image\":{\"@id\":\"https:\\\/\\\/pro-mask.com\\\/en\\\/#\\\/schema\\\/logo\\\/image\\\/\"}}]}<\/script>\n<!-- \/ Yoast SEO plugin. -->","yoast_head_json":{"title":"Consent to the processing of personal data - PRO MASK PRODUCTS s.r.o.","robots":{"index":"index","follow":"follow","max-snippet":"max-snippet:-1","max-image-preview":"max-image-preview:large","max-video-preview":"max-video-preview:-1"},"canonical":"https:\/\/pro-mask.com\/en\/consent-to-the-processing-of-personal-data\/","og_locale":"en_US","og_type":"article","og_title":"Consent to the processing of personal data - PRO MASK PRODUCTS s.r.o.","og_description":"[vc_row][vc_column][vc_empty_space height=\"60px\"][\/vc_column][\/vc_row][vc_row][vc_column][vc_empty_space height=\"60px\"][vc_column_text] Consent to the processing of personal data [\/vc_column_text][\/vc_column][\/vc_row][vc_row][vc_column][vc_column_text css=\".vc_custom_1655147229473{margin-bottom: 0px !important;}\"]1. You hereby grant the consent of PRO MASK PRODUCTS s.r.o., se s\u00eddlem \u010cesk\u00e9 Bud\u011bjovice 4, Rudolfovsk\u00e1 t\u0159. 476\/111, Postal Code 37001, Company Identification Number: 281 59 047, entered in the public register kept at the Regional Court in \u010cesk\u00e9 Bud\u011bjovice, Section [&hellip;]","og_url":"https:\/\/pro-mask.com\/en\/consent-to-the-processing-of-personal-data\/","og_site_name":"PRO MASK PRODUCTS s.r.o.","article_modified_time":"2022-06-13T19:08:26+00:00","og_image":[{"width":1650,"height":947,"url":"https:\/\/pro-mask.com\/wp-content\/uploads\/2021\/12\/header-banner.jpg","type":"image\/jpeg"}],"twitter_card":"summary_large_image","twitter_misc":{"Est. reading time":"3 minutes"},"schema":{"@context":"https:\/\/schema.org","@graph":[{"@type":"WebPage","@id":"https:\/\/pro-mask.com\/en\/consent-to-the-processing-of-personal-data\/","url":"https:\/\/pro-mask.com\/en\/consent-to-the-processing-of-personal-data\/","name":"Consent to the processing of personal data - PRO MASK PRODUCTS s.r.o.","isPartOf":{"@id":"https:\/\/pro-mask.com\/en\/#website"},"datePublished":"2022-04-21T06:26:37+00:00","dateModified":"2022-06-13T19:08:26+00:00","breadcrumb":{"@id":"https:\/\/pro-mask.com\/en\/consent-to-the-processing-of-personal-data\/#breadcrumb"},"inLanguage":"en-US","potentialAction":[{"@type":"ReadAction","target":["https:\/\/pro-mask.com\/en\/consent-to-the-processing-of-personal-data\/"]}]},{"@type":"BreadcrumbList","@id":"https:\/\/pro-mask.com\/en\/consent-to-the-processing-of-personal-data\/#breadcrumb","itemListElement":[{"@type":"ListItem","position":1,"name":"Home","item":"https:\/\/pro-mask.com\/en\/"},{"@type":"ListItem","position":2,"name":"Consent to the processing of personal data"}]},{"@type":"WebSite","@id":"https:\/\/pro-mask.com\/en\/#website","url":"https:\/\/pro-mask.com\/en\/","name":"PRO MASK PRODUCTS s.r.o.","description":"Maskovac\u00ed materi\u00e1l a z\u00e1vesn\u00e9 h\u00e1ky pro pr\u016fmysl povrchov\u00fdch \u00faprav.","publisher":{"@id":"https:\/\/pro-mask.com\/en\/#organization"},"potentialAction":[{"@type":"SearchAction","target":{"@type":"EntryPoint","urlTemplate":"https:\/\/pro-mask.com\/en\/?s={search_term_string}"},"query-input":{"@type":"PropertyValueSpecification","valueRequired":true,"valueName":"search_term_string"}}],"inLanguage":"en-US"},{"@type":"Organization","@id":"https:\/\/pro-mask.com\/en\/#organization","name":"Pro Mask Products s.r.o.","url":"https:\/\/pro-mask.com\/en\/","logo":{"@type":"ImageObject","inLanguage":"en-US","@id":"https:\/\/pro-mask.com\/en\/#\/schema\/logo\/image\/","url":"https:\/\/pro-mask.com\/wp-content\/uploads\/2021\/12\/header-banner.jpg","contentUrl":"https:\/\/pro-mask.com\/wp-content\/uploads\/2021\/12\/header-banner.jpg","width":1650,"height":947,"caption":"Pro Mask Products s.r.o."},"image":{"@id":"https:\/\/pro-mask.com\/en\/#\/schema\/logo\/image\/"}}]}},"_links":{"self":[{"href":"https:\/\/pro-mask.com\/en\/wp-json\/wp\/v2\/pages\/4870","targetHints":{"allow":["GET"]}}],"collection":[{"href":"https:\/\/pro-mask.com\/en\/wp-json\/wp\/v2\/pages"}],"about":[{"href":"https:\/\/pro-mask.com\/en\/wp-json\/wp\/v2\/types\/page"}],"author":[{"embeddable":true,"href":"https:\/\/pro-mask.com\/en\/wp-json\/wp\/v2\/users\/2"}],"replies":[{"embeddable":true,"href":"https:\/\/pro-mask.com\/en\/wp-json\/wp\/v2\/comments?post=4870"}],"version-history":[{"count":0,"href":"https:\/\/pro-mask.com\/en\/wp-json\/wp\/v2\/pages\/4870\/revisions"}],"wp:attachment":[{"href":"https:\/\/pro-mask.com\/en\/wp-json\/wp\/v2\/media?parent=4870"}],"curies":[{"name":"wp","href":"https:\/\/api.w.org\/{rel}","templated":true}]}}