{"id":2662,"date":"2021-11-16T15:17:30","date_gmt":"2021-11-16T14:17:30","guid":{"rendered":"http:\/\/pro-mask.com\/contact-us\/"},"modified":"2025-02-07T10:30:57","modified_gmt":"2025-02-07T09:30:57","slug":"contact-us","status":"publish","type":"page","link":"https:\/\/pro-mask.com\/en\/contact-us\/","title":{"rendered":"Contact"},"content":{"rendered":"<div class=\"wpb-content-wrapper\"><p>[vc_row full_width=\"stretch_row_content_no_spaces\" conditional_render=\"%5B%7B%22value_role%22%3A%22administrator%22%7D%5D\"][vc_column][vc_raw_html css=\"\"]JTNDaWZyYW1lJTIwc3JjJTNEJTIyaHR0cHMlM0ElMkYlMkZ3d3cuZ29vZ2xlLmNvbSUyRm1hcHMlMkZlbWJlZCUzRnBiJTNEJTIxMW0xOCUyMTFtMTIlMjExbTMlMjExZDI2MjAuNjU4MzkwMDU2MzEzNyUyMTJkMTQuNDM4OTI5MTEzNjA5MjQzJTIxM2Q0OC45NDA5NDgwNzEyMjM5ODUlMjEybTMlMjExZjAlMjEyZjAlMjEzZjAlMjEzbTIlMjExaTEwMjQlMjEyaTc2OCUyMTRmMTMuMSUyMTNtMyUyMTFtMiUyMTFzMHg0NzczNGU1MTgxNGIxNzdkJTI1M0EweDJmYTlkYjllZjBmZDFhNDYlMjEyc1BybyUyNTIwTWFzayUyNTIwUHJvZHVjdHMlMjUyMHMuci5vLiUyMTVlMCUyMTNtMiUyMTFzY3MlMjEyc2N6JTIxNHYxNzM4OTE5NzY5Nzc4JTIxNW0yJTIxMXNjcyUyMTJzY3olMjIlMjB3aWR0aCUzRCUyMjEwMCUyNSUyMiUyMGhlaWdodCUzRCUyMjQ1MCUyMiUyMHN0eWxlJTNEJTIyYm9yZGVyJTNBMCUzQiUyMiUyMGFsbG93ZnVsbHNjcmVlbiUzRCUyMiUyMiUyMGxvYWRpbmclM0QlMjJsYXp5JTIyJTIwcmVmZXJyZXJwb2xpY3klM0QlMjJuby1yZWZlcnJlci13aGVuLWRvd25ncmFkZSUyMiUzRSUzQyUyRmlmcmFtZSUzRQ==[\/vc_raw_html][\/vc_column][\/vc_row][vc_row wrap_container=\"yes\" el_class=\"m-t-md\"][vc_column]<div class=\"porto-u-heading m-b-xxl  wpb_custom_95aa9a11c17ad45cfabaf210d84ee7cc porto-u-ad87e2eaf3f9c495180fe0156ddf3eb0 \"><div class=\"porto-u-main-heading\"><h2   style=\"margin-bottom: 5px;font-size:24px;letter-spacing:-0.025em;\">Contact<\/h2><\/div><style>.porto-u-ad87e2eaf3f9c495180fe0156ddf3eb0.porto-u-heading{text-align:left}<\/style><\/div>[\/vc_column][vc_column width=\"1\/2\" offset=\"vc_col-lg-3 vc_col-md-3 vc_col-xs-12\"]<div class=\"porto-sicon-box custom-info-1  wpb_custom_6bd3ea43243bb56571d580d187f8d1d7 style_1 top-icon\"><div class=\"porto-sicon-top\"><div class=\"porto-just-icon-wrapper porto-icon none\" style=\"color:#f5a301;font-size:45px;\"><i class=\"Simple-Line-Icons-pointer\"><\/i><\/div><\/div><div class=\"porto-sicon-header\"><h3 class=\"porto-sicon-title\" style=\"font-weight:700;font-size:20px;line-height:22px;letter-spacing:-0.025em;\">Address<\/h3><p style=\"font-size:14px;line-height:22px;letter-spacing:-0.025em;\">Plan\u00e1 102, 370 01 \u010cesk\u00e9 Bud\u011bjovice<\/p><\/div> <!-- header --><\/div><!-- porto-sicon-box -->[\/vc_column][vc_column width=\"1\/2\" offset=\"vc_col-lg-3 vc_col-md-3 vc_col-xs-12\"]<a aria-label=\"Phone ENG\" class=\"porto-sicon-box-link\" href=\"tel:(+420)774-071-097\"><div class=\"porto-sicon-box text-color-body custom-info-1  wpb_custom_6bd3ea43243bb56571d580d187f8d1d7 style_1 top-icon\"><div class=\"porto-sicon-top\"><div class=\"porto-just-icon-wrapper porto-icon none\" style=\"color:#f5a301;font-size:45px;\"><i class=\"fas fa-mobile-alt\"><\/i><\/div><\/div><div class=\"porto-sicon-header\"><h3 class=\"porto-sicon-title\" style=\"font-weight:700;font-size:20px;line-height:22px;letter-spacing:-0.025em;\">Phone ENG<\/h3><p style=\"font-size:14px;line-height:22px;letter-spacing:-0.025em;\">(+420) 774 071 097<\/p><\/div> <!-- header --><\/div><!-- porto-sicon-box --><\/a>[\/vc_column][vc_column width=\"1\/2\" offset=\"vc_col-lg-3 vc_col-md-3 vc_col-xs-12\"]<a aria-label=\"E-mail\" class=\"porto-sicon-box-link\" href=\"mailto:info@pro-mask.com\"><div class=\"porto-sicon-box text-color-body custom-info-1  wpb_custom_1efe903570d178ff0a9b7bfa5febd3a4 style_1 top-icon\"><div class=\"porto-sicon-top\"><div class=\"porto-just-icon-wrapper porto-icon none\" style=\"color:#f5a301;font-size:45px;\"><i class=\"far fa-envelope\"><\/i><\/div><\/div><div class=\"porto-sicon-header\"><h3 class=\"porto-sicon-title\" style=\"font-weight:700;font-size:20px;line-height:22px;letter-spacing:-0.025em;\">E-mail<\/h3><p style=\"font-size:14px;line-height:22px;letter-spacing:-0.025em;\">info@pro-mask.com<\/p><\/div> <!-- header --><\/div><!-- porto-sicon-box --><\/a>[\/vc_column][vc_column][vc_separator color=\"custom\" accent_color=\"#e7e7e7\" el_class=\"mt-5 m-b-xlg pb-2\"][\/vc_column][\/vc_row][vc_row wrap_container=\"yes\" el_class=\"m-b-xxl p-b-sm\"][vc_column offset=\"vc_col-lg-6 vc_col-md-6\"][vc_custom_heading text=\"Send Us a Message\" font_container=\"tag:h2|font_size:24px|text_align:left\" use_theme_fonts=\"yes\" el_class=\"ls-negative-1 mb-3\"][vc_raw_html]W2Zvcm1pZGFibGUgaWQ9IjIiXQ==[\/vc_raw_html][\/vc_column][vc_column offset=\"vc_col-lg-6 vc_col-md-6\" el_class=\"mt-5 mt-lg-0\"][\/vc_column][\/vc_row]<\/p>\n<\/div>","protected":false},"excerpt":{"rendered":"<p>[vc_row full_width=\"stretch_row_content_no_spaces\" conditional_render=\"%5B%7B%22value_role%22%3A%22administrator%22%7D%5D\"][vc_column][vc_raw_html css=\"\"]JTNDaWZyYW1lJTIwc3JjJTNEJTIyaHR0cHMlM0ElMkYlMkZ3d3cuZ29vZ2xlLmNvbSUyRm1hcHMlMkZlbWJlZCUzRnBiJTNEJTIxMW0xOCUyMTFtMTIlMjExbTMlMjExZDI2MjAuNjU4MzkwMDU2MzEzNyUyMTJkMTQuNDM4OTI5MTEzNjA5MjQzJTIxM2Q0OC45NDA5NDgwNzEyMjM5ODUlMjEybTMlMjExZjAlMjEyZjAlMjEzZjAlMjEzbTIlMjExaTEwMjQlMjEyaTc2OCUyMTRmMTMuMSUyMTNtMyUyMTFtMiUyMTFzMHg0NzczNGU1MTgxNGIxNzdkJTI1M0EweDJmYTlkYjllZjBmZDFhNDYlMjEyc1BybyUyNTIwTWFzayUyNTIwUHJvZHVjdHMlMjUyMHMuci5vLiUyMTVlMCUyMTNtMiUyMTFzY3MlMjEyc2N6JTIxNHYxNzM4OTE5NzY5Nzc4JTIxNW0yJTIxMXNjcyUyMTJzY3olMjIlMjB3aWR0aCUzRCUyMjEwMCUyNSUyMiUyMGhlaWdodCUzRCUyMjQ1MCUyMiUyMHN0eWxlJTNEJTIyYm9yZGVyJTNBMCUzQiUyMiUyMGFsbG93ZnVsbHNjcmVlbiUzRCUyMiUyMiUyMGxvYWRpbmclM0QlMjJsYXp5JTIyJTIwcmVmZXJyZXJwb2xpY3klM0QlMjJuby1yZWZlcnJlci13aGVuLWRvd25ncmFkZSUyMiUzRSUzQyUyRmlmcmFtZSUzRQ==[\/vc_raw_html][\/vc_column][\/vc_row][vc_row wrap_container=\"yes\" el_class=\"m-t-md\"][vc_column][\/vc_column][vc_column width=\"1\/2\" offset=\"vc_col-lg-3 vc_col-md-3 vc_col-xs-12\"][\/vc_column][vc_column width=\"1\/2\" offset=\"vc_col-lg-3 vc_col-md-3 vc_col-xs-12\"][\/vc_column][vc_column width=\"1\/2\" offset=\"vc_col-lg-3 vc_col-md-3 vc_col-xs-12\"][\/vc_column][vc_column][vc_separator color=\"custom\" accent_color=\"#e7e7e7\" el_class=\"mt-5 m-b-xlg pb-2\"][\/vc_column][\/vc_row][vc_row wrap_container=\"yes\" el_class=\"m-b-xxl p-b-sm\"][vc_column offset=\"vc_col-lg-6 vc_col-md-6\"][vc_custom_heading text=\"Send Us a Message\" font_container=\"tag:h2|font_size:24px|text_align:left\" use_theme_fonts=\"yes\" el_class=\"ls-negative-1 mb-3\"][vc_raw_html]W2Zvcm1pZGFibGUgaWQ9IjIiXQ==[\/vc_raw_html][\/vc_column][vc_column offset=\"vc_col-lg-6 vc_col-md-6\" el_class=\"mt-5 mt-lg-0\"][\/vc_column][\/vc_row]<\/p>\n","protected":false},"author":2,"featured_media":0,"parent":0,"menu_order":0,"comment_status":"closed","ping_status":"closed","template":"","meta":{"footnotes":""},"class_list":["post-2662","page","type-page","status-publish","hentry"],"yoast_head":"<!-- This site is optimized with the Yoast SEO plugin v27.4 - https:\/\/yoast.com\/product\/yoast-seo-wordpress\/ -->\n<title>Contact - PRO MASK PRODUCTS s.r.o.<\/title>\n<meta name=\"description\" content=\"Contact: PRO MASK PRODUCTS s.r.o., Rudolfovsk\u00e1 t\u0159\u00edda 476\/111, 370 01 \u010cesk\u00e9 Bud\u011bjovice, Phone: +420774071097, e-mail: info@pro-mask.com\" \/>\n<meta name=\"robots\" content=\"index, follow, max-snippet:-1, max-image-preview:large, max-video-preview:-1\" \/>\n<link rel=\"canonical\" href=\"https:\/\/pro-mask.com\/en\/contact-us\/\" \/>\n<meta property=\"og:locale\" content=\"en_US\" \/>\n<meta property=\"og:type\" content=\"article\" \/>\n<meta property=\"og:title\" content=\"Contact - PRO MASK PRODUCTS s.r.o.\" \/>\n<meta property=\"og:description\" content=\"Contact: PRO MASK PRODUCTS s.r.o., Rudolfovsk\u00e1 t\u0159\u00edda 476\/111, 370 01 \u010cesk\u00e9 Bud\u011bjovice, Phone: +420774071097, e-mail: info@pro-mask.com\" \/>\n<meta property=\"og:url\" content=\"https:\/\/pro-mask.com\/en\/contact-us\/\" \/>\n<meta property=\"og:site_name\" content=\"PRO MASK PRODUCTS s.r.o.\" \/>\n<meta property=\"article:modified_time\" content=\"2025-02-07T09:30:57+00:00\" \/>\n<meta property=\"og:image\" content=\"https:\/\/pro-mask.com\/wp-content\/uploads\/2021\/12\/header-banner.jpg\" \/>\n\t<meta property=\"og:image:width\" content=\"1650\" \/>\n\t<meta property=\"og:image:height\" content=\"947\" \/>\n\t<meta property=\"og:image:type\" content=\"image\/jpeg\" \/>\n<meta name=\"twitter:card\" content=\"summary_large_image\" \/>\n<meta name=\"twitter:title\" content=\"Contact - PRO MASK PRODUCTS s.r.o.\" \/>\n<meta name=\"twitter:description\" content=\"Contact: PRO MASK PRODUCTS s.r.o., Rudolfovsk\u00e1 t\u0159\u00edda 476\/111, 370 01 \u010cesk\u00e9 Bud\u011bjovice, Phone: +420774071097, e-mail: info@pro-mask.com\" \/>\n<meta name=\"twitter:label1\" content=\"Est. reading time\" \/>\n\t<meta name=\"twitter:data1\" content=\"1 minute\" \/>\n<script type=\"application\/ld+json\" class=\"yoast-schema-graph\">{\"@context\":\"https:\\\/\\\/schema.org\",\"@graph\":[{\"@type\":\"WebPage\",\"@id\":\"https:\\\/\\\/pro-mask.com\\\/en\\\/contact-us\\\/\",\"url\":\"https:\\\/\\\/pro-mask.com\\\/en\\\/contact-us\\\/\",\"name\":\"Contact - PRO MASK PRODUCTS s.r.o.\",\"isPartOf\":{\"@id\":\"https:\\\/\\\/pro-mask.com\\\/en\\\/#website\"},\"datePublished\":\"2021-11-16T14:17:30+00:00\",\"dateModified\":\"2025-02-07T09:30:57+00:00\",\"description\":\"Contact: PRO MASK PRODUCTS s.r.o., Rudolfovsk\u00e1 t\u0159\u00edda 476\\\/111, 370 01 \u010cesk\u00e9 Bud\u011bjovice, Phone: +420774071097, e-mail: info@pro-mask.com\",\"breadcrumb\":{\"@id\":\"https:\\\/\\\/pro-mask.com\\\/en\\\/contact-us\\\/#breadcrumb\"},\"inLanguage\":\"en-US\",\"potentialAction\":[{\"@type\":\"ReadAction\",\"target\":[\"https:\\\/\\\/pro-mask.com\\\/en\\\/contact-us\\\/\"]}]},{\"@type\":\"BreadcrumbList\",\"@id\":\"https:\\\/\\\/pro-mask.com\\\/en\\\/contact-us\\\/#breadcrumb\",\"itemListElement\":[{\"@type\":\"ListItem\",\"position\":1,\"name\":\"Home\",\"item\":\"https:\\\/\\\/pro-mask.com\\\/en\\\/\"},{\"@type\":\"ListItem\",\"position\":2,\"name\":\"Contact\"}]},{\"@type\":\"WebSite\",\"@id\":\"https:\\\/\\\/pro-mask.com\\\/en\\\/#website\",\"url\":\"https:\\\/\\\/pro-mask.com\\\/en\\\/\",\"name\":\"PRO MASK PRODUCTS s.r.o.\",\"description\":\"Maskovac\u00ed materi\u00e1l a z\u00e1vesn\u00e9 h\u00e1ky pro pr\u016fmysl povrchov\u00fdch \u00faprav.\",\"publisher\":{\"@id\":\"https:\\\/\\\/pro-mask.com\\\/en\\\/#organization\"},\"potentialAction\":[{\"@type\":\"SearchAction\",\"target\":{\"@type\":\"EntryPoint\",\"urlTemplate\":\"https:\\\/\\\/pro-mask.com\\\/en\\\/?s={search_term_string}\"},\"query-input\":{\"@type\":\"PropertyValueSpecification\",\"valueRequired\":true,\"valueName\":\"search_term_string\"}}],\"inLanguage\":\"en-US\"},{\"@type\":\"Organization\",\"@id\":\"https:\\\/\\\/pro-mask.com\\\/en\\\/#organization\",\"name\":\"Pro Mask Products s.r.o.\",\"url\":\"https:\\\/\\\/pro-mask.com\\\/en\\\/\",\"logo\":{\"@type\":\"ImageObject\",\"inLanguage\":\"en-US\",\"@id\":\"https:\\\/\\\/pro-mask.com\\\/en\\\/#\\\/schema\\\/logo\\\/image\\\/\",\"url\":\"https:\\\/\\\/pro-mask.com\\\/wp-content\\\/uploads\\\/2021\\\/12\\\/header-banner.jpg\",\"contentUrl\":\"https:\\\/\\\/pro-mask.com\\\/wp-content\\\/uploads\\\/2021\\\/12\\\/header-banner.jpg\",\"width\":1650,\"height\":947,\"caption\":\"Pro Mask Products s.r.o.\"},\"image\":{\"@id\":\"https:\\\/\\\/pro-mask.com\\\/en\\\/#\\\/schema\\\/logo\\\/image\\\/\"}}]}<\/script>\n<!-- \/ Yoast SEO plugin. -->","yoast_head_json":{"title":"Contact - PRO MASK PRODUCTS s.r.o.","description":"Contact: PRO MASK PRODUCTS s.r.o., Rudolfovsk\u00e1 t\u0159\u00edda 476\/111, 370 01 \u010cesk\u00e9 Bud\u011bjovice, Phone: +420774071097, e-mail: info@pro-mask.com","robots":{"index":"index","follow":"follow","max-snippet":"max-snippet:-1","max-image-preview":"max-image-preview:large","max-video-preview":"max-video-preview:-1"},"canonical":"https:\/\/pro-mask.com\/en\/contact-us\/","og_locale":"en_US","og_type":"article","og_title":"Contact - PRO MASK PRODUCTS s.r.o.","og_description":"Contact: PRO MASK PRODUCTS s.r.o., Rudolfovsk\u00e1 t\u0159\u00edda 476\/111, 370 01 \u010cesk\u00e9 Bud\u011bjovice, Phone: +420774071097, e-mail: info@pro-mask.com","og_url":"https:\/\/pro-mask.com\/en\/contact-us\/","og_site_name":"PRO MASK PRODUCTS s.r.o.","article_modified_time":"2025-02-07T09:30:57+00:00","og_image":[{"width":1650,"height":947,"url":"https:\/\/pro-mask.com\/wp-content\/uploads\/2021\/12\/header-banner.jpg","type":"image\/jpeg"}],"twitter_card":"summary_large_image","twitter_title":"Contact - PRO MASK PRODUCTS s.r.o.","twitter_description":"Contact: PRO MASK PRODUCTS s.r.o., Rudolfovsk\u00e1 t\u0159\u00edda 476\/111, 370 01 \u010cesk\u00e9 Bud\u011bjovice, Phone: +420774071097, e-mail: info@pro-mask.com","twitter_misc":{"Est. reading time":"1 minute"},"schema":{"@context":"https:\/\/schema.org","@graph":[{"@type":"WebPage","@id":"https:\/\/pro-mask.com\/en\/contact-us\/","url":"https:\/\/pro-mask.com\/en\/contact-us\/","name":"Contact - PRO MASK PRODUCTS s.r.o.","isPartOf":{"@id":"https:\/\/pro-mask.com\/en\/#website"},"datePublished":"2021-11-16T14:17:30+00:00","dateModified":"2025-02-07T09:30:57+00:00","description":"Contact: PRO MASK PRODUCTS s.r.o., Rudolfovsk\u00e1 t\u0159\u00edda 476\/111, 370 01 \u010cesk\u00e9 Bud\u011bjovice, Phone: +420774071097, e-mail: info@pro-mask.com","breadcrumb":{"@id":"https:\/\/pro-mask.com\/en\/contact-us\/#breadcrumb"},"inLanguage":"en-US","potentialAction":[{"@type":"ReadAction","target":["https:\/\/pro-mask.com\/en\/contact-us\/"]}]},{"@type":"BreadcrumbList","@id":"https:\/\/pro-mask.com\/en\/contact-us\/#breadcrumb","itemListElement":[{"@type":"ListItem","position":1,"name":"Home","item":"https:\/\/pro-mask.com\/en\/"},{"@type":"ListItem","position":2,"name":"Contact"}]},{"@type":"WebSite","@id":"https:\/\/pro-mask.com\/en\/#website","url":"https:\/\/pro-mask.com\/en\/","name":"PRO MASK PRODUCTS s.r.o.","description":"Maskovac\u00ed materi\u00e1l a z\u00e1vesn\u00e9 h\u00e1ky pro pr\u016fmysl povrchov\u00fdch \u00faprav.","publisher":{"@id":"https:\/\/pro-mask.com\/en\/#organization"},"potentialAction":[{"@type":"SearchAction","target":{"@type":"EntryPoint","urlTemplate":"https:\/\/pro-mask.com\/en\/?s={search_term_string}"},"query-input":{"@type":"PropertyValueSpecification","valueRequired":true,"valueName":"search_term_string"}}],"inLanguage":"en-US"},{"@type":"Organization","@id":"https:\/\/pro-mask.com\/en\/#organization","name":"Pro Mask Products s.r.o.","url":"https:\/\/pro-mask.com\/en\/","logo":{"@type":"ImageObject","inLanguage":"en-US","@id":"https:\/\/pro-mask.com\/en\/#\/schema\/logo\/image\/","url":"https:\/\/pro-mask.com\/wp-content\/uploads\/2021\/12\/header-banner.jpg","contentUrl":"https:\/\/pro-mask.com\/wp-content\/uploads\/2021\/12\/header-banner.jpg","width":1650,"height":947,"caption":"Pro Mask Products s.r.o."},"image":{"@id":"https:\/\/pro-mask.com\/en\/#\/schema\/logo\/image\/"}}]}},"_links":{"self":[{"href":"https:\/\/pro-mask.com\/en\/wp-json\/wp\/v2\/pages\/2662","targetHints":{"allow":["GET"]}}],"collection":[{"href":"https:\/\/pro-mask.com\/en\/wp-json\/wp\/v2\/pages"}],"about":[{"href":"https:\/\/pro-mask.com\/en\/wp-json\/wp\/v2\/types\/page"}],"author":[{"embeddable":true,"href":"https:\/\/pro-mask.com\/en\/wp-json\/wp\/v2\/users\/2"}],"replies":[{"embeddable":true,"href":"https:\/\/pro-mask.com\/en\/wp-json\/wp\/v2\/comments?post=2662"}],"version-history":[{"count":3,"href":"https:\/\/pro-mask.com\/en\/wp-json\/wp\/v2\/pages\/2662\/revisions"}],"predecessor-version":[{"id":5932,"href":"https:\/\/pro-mask.com\/en\/wp-json\/wp\/v2\/pages\/2662\/revisions\/5932"}],"wp:attachment":[{"href":"https:\/\/pro-mask.com\/en\/wp-json\/wp\/v2\/media?parent=2662"}],"curies":[{"name":"wp","href":"https:\/\/api.w.org\/{rel}","templated":true}]}}